{"id":5762,"date":"2026-04-09T10:59:45","date_gmt":"2026-04-09T10:59:45","guid":{"rendered":"https:\/\/delikatess.eu\/product\/kuivattu-seepranlihasuikaleet-60-g\/"},"modified":"2026-04-09T11:14:26","modified_gmt":"2026-04-09T11:14:26","slug":"kuivattu-seepranlihasuikaleet-60-g","status":"publish","type":"product","link":"https:\/\/delikatess.eu\/fi\/product\/kuivattu-seepranlihasuikaleet-60-g\/","title":{"rendered":"Kuivattu seepranlihasuikaleet, 60 g"},"content":{"rendered":"<p>Ainesosat: seepranliha, suola, sokeri, valkosipuli, paprika, mustapippuri, chilipippuri, soijakastike, vehn\u00e4jauho, E202<br \/>Allergeenit: soija, vehn\u00e4jauho<br \/>S\u00e4ilytysl\u00e4mp\u00f6tila: enint\u00e4\u00e4n +25 \u00b0C<br \/>Tyhji\u00f6pakattu.<\/p>\n","protected":false},"excerpt":{"rendered":"<p>Ravintosis\u00e4lt\u00f6 (100 g):<br data-start=\"367\" data-end=\"370\">Energia: 740 kJ \/ 175 kcal<br data-start=\"396\" data-end=\"399\">Rasva: 2,48 g (tyydyttyneet 0,63 g)<br data-start=\"432\" data-end=\"435\">Hiilihydraatit: 1,7 g (sokerit 0,3 g)<br data-start=\"469\" data-end=\"472\">Proteiini: 36,46 g<br data-start=\"487\" data-end=\"490\">Suola: 7,98 g<\/p>\n","protected":false},"featured_media":0,"template":"","meta":[],"product_brand":[],"product_cat":[208],"product_tag":[],"class_list":{"0":"post-5762","1":"product","2":"type-product","3":"status-publish","5":"product_cat-vakuuttunut","7":"first","8":"instock","9":"shipping-taxable","10":"purchasable","11":"product-type-simple"},"yoast_head":"<!-- This site is optimized with the Yoast SEO plugin v27.3 - https:\/\/yoast.com\/product\/yoast-seo-wordpress\/ -->\n<title>Kuivattu seepranlihasuikaleet, 60 g - Delikatess Food O&Uuml;<\/title>\n<meta name=\"robots\" content=\"index, follow, max-snippet:-1, max-image-preview:large, max-video-preview:-1\" \/>\n<link rel=\"canonical\" href=\"https:\/\/delikatess.eu\/fi\/product\/kuivattu-seepranlihasuikaleet-60-g\/\" \/>\n<meta property=\"og:locale\" content=\"fi_FI\" \/>\n<meta property=\"og:type\" content=\"article\" \/>\n<meta property=\"og:title\" content=\"Kuivattu seepranlihasuikaleet, 60 g - Delikatess Food O&Uuml;\" \/>\n<meta property=\"og:description\" content=\"Ravintosis\u00e4lt\u00f6 (100 g):Energia: 740 kJ \/ 175 kcalRasva: 2,48 g (tyydyttyneet 0,63 g)Hiilihydraatit: 1,7 g (sokerit 0,3 g)Proteiini: 36,46 gSuola: 7,98 g\" \/>\n<meta property=\"og:url\" content=\"https:\/\/delikatess.eu\/fi\/product\/kuivattu-seepranlihasuikaleet-60-g\/\" \/>\n<meta property=\"og:site_name\" content=\"Delikatess Food O&Uuml;\" \/>\n<meta property=\"article:publisher\" content=\"https:\/\/www.facebook.com\/delikatessfood\/\" \/>\n<meta property=\"article:modified_time\" content=\"2026-04-09T11:14:26+00:00\" \/>\n<meta name=\"twitter:card\" content=\"summary_large_image\" \/>\n<script type=\"application\/ld+json\" class=\"yoast-schema-graph\">{\"@context\":\"https:\\\/\\\/schema.org\",\"@graph\":[{\"@type\":\"WebPage\",\"@id\":\"https:\\\/\\\/delikatess.eu\\\/fi\\\/product\\\/kuivattu-seepranlihasuikaleet-60-g\\\/\",\"url\":\"https:\\\/\\\/delikatess.eu\\\/fi\\\/product\\\/kuivattu-seepranlihasuikaleet-60-g\\\/\",\"name\":\"Kuivattu seepranlihasuikaleet, 60 g - Delikatess Food O&Uuml;\",\"isPartOf\":{\"@id\":\"https:\\\/\\\/delikatess.eu\\\/#website\"},\"datePublished\":\"2026-04-09T10:59:45+00:00\",\"dateModified\":\"2026-04-09T11:14:26+00:00\",\"breadcrumb\":{\"@id\":\"https:\\\/\\\/delikatess.eu\\\/fi\\\/product\\\/kuivattu-seepranlihasuikaleet-60-g\\\/#breadcrumb\"},\"inLanguage\":\"fi\",\"potentialAction\":[{\"@type\":\"ReadAction\",\"target\":[\"https:\\\/\\\/delikatess.eu\\\/fi\\\/product\\\/kuivattu-seepranlihasuikaleet-60-g\\\/\"]}]},{\"@type\":\"BreadcrumbList\",\"@id\":\"https:\\\/\\\/delikatess.eu\\\/fi\\\/product\\\/kuivattu-seepranlihasuikaleet-60-g\\\/#breadcrumb\",\"itemListElement\":[{\"@type\":\"ListItem\",\"position\":1,\"name\":\"Home\",\"item\":\"https:\\\/\\\/delikatess.eu\\\/fi\\\/\"},{\"@type\":\"ListItem\",\"position\":2,\"name\":\"Kauppa\",\"item\":\"https:\\\/\\\/delikatess.eu\\\/fi\\\/kauppa\\\/\"},{\"@type\":\"ListItem\",\"position\":3,\"name\":\"Kuivattu seepranlihasuikaleet, 60 g\"}]},{\"@type\":\"WebSite\",\"@id\":\"https:\\\/\\\/delikatess.eu\\\/#website\",\"url\":\"https:\\\/\\\/delikatess.eu\\\/\",\"name\":\"Delikatess Food O&Uuml;\",\"description\":\"Handmade With Love\",\"publisher\":{\"@id\":\"https:\\\/\\\/delikatess.eu\\\/#organization\"},\"potentialAction\":[{\"@type\":\"SearchAction\",\"target\":{\"@type\":\"EntryPoint\",\"urlTemplate\":\"https:\\\/\\\/delikatess.eu\\\/?s={search_term_string}\"},\"query-input\":{\"@type\":\"PropertyValueSpecification\",\"valueRequired\":true,\"valueName\":\"search_term_string\"}}],\"inLanguage\":\"fi\"},{\"@type\":\"Organization\",\"@id\":\"https:\\\/\\\/delikatess.eu\\\/#organization\",\"name\":\"Delikatess\",\"url\":\"https:\\\/\\\/delikatess.eu\\\/\",\"logo\":{\"@type\":\"ImageObject\",\"inLanguage\":\"fi\",\"@id\":\"https:\\\/\\\/delikatess.eu\\\/#\\\/schema\\\/logo\\\/image\\\/\",\"url\":\"https:\\\/\\\/delikatess.eu\\\/wp-content\\\/uploads\\\/2022\\\/07\\\/Delikatess_logo_labit-1.png\",\"contentUrl\":\"https:\\\/\\\/delikatess.eu\\\/wp-content\\\/uploads\\\/2022\\\/07\\\/Delikatess_logo_labit-1.png\",\"width\":801,\"height\":229,\"caption\":\"Delikatess\"},\"image\":{\"@id\":\"https:\\\/\\\/delikatess.eu\\\/#\\\/schema\\\/logo\\\/image\\\/\"},\"sameAs\":[\"https:\\\/\\\/www.facebook.com\\\/delikatessfood\\\/\",\"https:\\\/\\\/www.instagram.com\\\/delikatess.eu\\\/\"]}]}<\/script>\n<!-- \/ Yoast SEO plugin. -->","yoast_head_json":{"title":"Kuivattu seepranlihasuikaleet, 60 g - Delikatess Food O&Uuml;","robots":{"index":"index","follow":"follow","max-snippet":"max-snippet:-1","max-image-preview":"max-image-preview:large","max-video-preview":"max-video-preview:-1"},"canonical":"https:\/\/delikatess.eu\/fi\/product\/kuivattu-seepranlihasuikaleet-60-g\/","og_locale":"fi_FI","og_type":"article","og_title":"Kuivattu seepranlihasuikaleet, 60 g - Delikatess Food O&Uuml;","og_description":"Ravintosis\u00e4lt\u00f6 (100 g):Energia: 740 kJ \/ 175 kcalRasva: 2,48 g (tyydyttyneet 0,63 g)Hiilihydraatit: 1,7 g (sokerit 0,3 g)Proteiini: 36,46 gSuola: 7,98 g","og_url":"https:\/\/delikatess.eu\/fi\/product\/kuivattu-seepranlihasuikaleet-60-g\/","og_site_name":"Delikatess Food O&Uuml;","article_publisher":"https:\/\/www.facebook.com\/delikatessfood\/","article_modified_time":"2026-04-09T11:14:26+00:00","twitter_card":"summary_large_image","schema":{"@context":"https:\/\/schema.org","@graph":[{"@type":"WebPage","@id":"https:\/\/delikatess.eu\/fi\/product\/kuivattu-seepranlihasuikaleet-60-g\/","url":"https:\/\/delikatess.eu\/fi\/product\/kuivattu-seepranlihasuikaleet-60-g\/","name":"Kuivattu seepranlihasuikaleet, 60 g - Delikatess Food O&Uuml;","isPartOf":{"@id":"https:\/\/delikatess.eu\/#website"},"datePublished":"2026-04-09T10:59:45+00:00","dateModified":"2026-04-09T11:14:26+00:00","breadcrumb":{"@id":"https:\/\/delikatess.eu\/fi\/product\/kuivattu-seepranlihasuikaleet-60-g\/#breadcrumb"},"inLanguage":"fi","potentialAction":[{"@type":"ReadAction","target":["https:\/\/delikatess.eu\/fi\/product\/kuivattu-seepranlihasuikaleet-60-g\/"]}]},{"@type":"BreadcrumbList","@id":"https:\/\/delikatess.eu\/fi\/product\/kuivattu-seepranlihasuikaleet-60-g\/#breadcrumb","itemListElement":[{"@type":"ListItem","position":1,"name":"Home","item":"https:\/\/delikatess.eu\/fi\/"},{"@type":"ListItem","position":2,"name":"Kauppa","item":"https:\/\/delikatess.eu\/fi\/kauppa\/"},{"@type":"ListItem","position":3,"name":"Kuivattu seepranlihasuikaleet, 60 g"}]},{"@type":"WebSite","@id":"https:\/\/delikatess.eu\/#website","url":"https:\/\/delikatess.eu\/","name":"Delikatess Food O&Uuml;","description":"Handmade With Love","publisher":{"@id":"https:\/\/delikatess.eu\/#organization"},"potentialAction":[{"@type":"SearchAction","target":{"@type":"EntryPoint","urlTemplate":"https:\/\/delikatess.eu\/?s={search_term_string}"},"query-input":{"@type":"PropertyValueSpecification","valueRequired":true,"valueName":"search_term_string"}}],"inLanguage":"fi"},{"@type":"Organization","@id":"https:\/\/delikatess.eu\/#organization","name":"Delikatess","url":"https:\/\/delikatess.eu\/","logo":{"@type":"ImageObject","inLanguage":"fi","@id":"https:\/\/delikatess.eu\/#\/schema\/logo\/image\/","url":"https:\/\/delikatess.eu\/wp-content\/uploads\/2022\/07\/Delikatess_logo_labit-1.png","contentUrl":"https:\/\/delikatess.eu\/wp-content\/uploads\/2022\/07\/Delikatess_logo_labit-1.png","width":801,"height":229,"caption":"Delikatess"},"image":{"@id":"https:\/\/delikatess.eu\/#\/schema\/logo\/image\/"},"sameAs":["https:\/\/www.facebook.com\/delikatessfood\/","https:\/\/www.instagram.com\/delikatess.eu\/"]}]}},"jetpack_sharing_enabled":true,"_links":{"self":[{"href":"https:\/\/delikatess.eu\/fi\/wp-json\/wp\/v2\/product\/5762","targetHints":{"allow":["GET"]}}],"collection":[{"href":"https:\/\/delikatess.eu\/fi\/wp-json\/wp\/v2\/product"}],"about":[{"href":"https:\/\/delikatess.eu\/fi\/wp-json\/wp\/v2\/types\/product"}],"wp:attachment":[{"href":"https:\/\/delikatess.eu\/fi\/wp-json\/wp\/v2\/media?parent=5762"}],"wp:term":[{"taxonomy":"product_brand","embeddable":true,"href":"https:\/\/delikatess.eu\/fi\/wp-json\/wp\/v2\/product_brand?post=5762"},{"taxonomy":"product_cat","embeddable":true,"href":"https:\/\/delikatess.eu\/fi\/wp-json\/wp\/v2\/product_cat?post=5762"},{"taxonomy":"product_tag","embeddable":true,"href":"https:\/\/delikatess.eu\/fi\/wp-json\/wp\/v2\/product_tag?post=5762"}],"curies":[{"name":"wp","href":"https:\/\/api.w.org\/{rel}","templated":true}]}}