{"id":5437,"date":"2025-06-21T14:22:20","date_gmt":"2025-06-21T14:22:20","guid":{"rendered":"https:\/\/delikatess.eu\/product\/purkitettu-hammasahven-250g\/"},"modified":"2025-06-21T15:12:05","modified_gmt":"2025-06-21T15:12:05","slug":"purkitettu-hammasahven-250g","status":"publish","type":"product","link":"https:\/\/delikatess.eu\/fi\/product\/purkitettu-hammasahven-250g\/","title":{"rendered":"Purkitettu hammasahven 250g"},"content":{"rendered":"<p>Ainesosat: ulkofilee 80 % (lihan alkuper\u00e4: Etel\u00e4-Afrikka), sianliha 18,7 %, suola, mausteet (sis\u00e4lt\u00e4\u00e4 sinappia), arominvahventeet E621, s\u00e4il\u00f6nt\u00e4aine E250. Saattaa sis\u00e4lt\u00e4\u00e4 allergeeneja gluteeni, soija, maito.<\/p>\n<p>Varastointil\u00e4mp\u00f6tila: +2 &#8230; +25\u00b0C<\/p>\n","protected":false},"excerpt":{"rendered":"<p>Ainesosat: ulkofilee 80 % (lihan alkuper\u00e4: Etel\u00e4-Afrikka), sianliha 18,7 %, suola, mausteet (sis\u00e4lt\u00e4\u00e4 sinappia), arominvahventeet E621, s\u00e4il\u00f6nt\u00e4aine E250. Saattaa sis\u00e4lt\u00e4\u00e4 allergeeneja gluteeni, soija, maito.<\/p>\n<p>Varastointil\u00e4mp\u00f6tila: +2 &#8230; +25\u00b0C<\/p>\n<div style=\"background-color: #f9f9f9; padding: 15px; border: 1px solid #ddd; border-radius: 5px;\">\n<h3 style=\"color: #333; margin-top: 0;\">Ravintoarvo 100 g kohti:<\/h3>\n<ul style=\"list-style: none; padding-left: 0;\">\n<li style=\"margin-bottom: 5px;\"><strong>Energia:<\/strong> 721 kJ \/ 171 kcal<\/li>\n<li style=\"margin-bottom: 5px;\"><strong>Rasvat:<\/strong> 19,7 g<\/li>\n<li style=\"margin-bottom: 5px; margin-left: 15px;\"><em>Tyydyttyneit\u00e4 rasvahappoja:<\/em> 6,3g.<\/li>\n<li style=\"margin-bottom: 5px;\"><strong>Hiilihydraatit:<\/strong> 0,2 g<\/li>\n<li style=\"margin-bottom: 5px; margin-left: 15px;\"><em>josta sokereita:<\/em> 0 g<\/li>\n<li style=\"margin-bottom: 5px;\"><strong>Proteiini:<\/strong> 24,5g<\/li>\n<li><strong>Suola:<\/strong> 0,94g<\/li>\n<\/ul>\n<\/div>\n","protected":false},"featured_media":5400,"template":"","meta":[],"product_brand":[],"product_cat":[137,289],"product_tag":[290,302],"class_list":{"0":"post-5437","1":"product","2":"type-product","3":"status-publish","4":"has-post-thumbnail","6":"product_cat-lihatuotteet","7":"product_cat-sailykkeet","8":"product_tag-konservatiivinen","9":"product_tag-sebraliha-fi","11":"first","12":"instock","13":"shipping-taxable","14":"purchasable","15":"product-type-simple"},"yoast_head":"<!-- This site is optimized with the Yoast SEO plugin v27.5 - https:\/\/yoast.com\/product\/yoast-seo-wordpress\/ -->\n<title>Purkitettu hammasahven 250g - Delikatess Food O&Uuml;<\/title>\n<meta name=\"robots\" content=\"index, follow, max-snippet:-1, max-image-preview:large, max-video-preview:-1\" \/>\n<link rel=\"canonical\" href=\"https:\/\/delikatess.eu\/fi\/product\/purkitettu-hammasahven-250g\/\" \/>\n<meta property=\"og:locale\" content=\"fi_FI\" \/>\n<meta property=\"og:type\" content=\"article\" \/>\n<meta property=\"og:title\" content=\"Purkitettu hammasahven 250g - Delikatess Food O&Uuml;\" \/>\n<meta property=\"og:description\" content=\"Ainesosat: ulkofilee 80 % (lihan alkuper\u00e4: Etel\u00e4-Afrikka), sianliha 18,7 %, suola, mausteet (sis\u00e4lt\u00e4\u00e4 sinappia), arominvahventeet E621, s\u00e4il\u00f6nt\u00e4aine E250. Saattaa sis\u00e4lt\u00e4\u00e4 allergeeneja gluteeni, soija, maito. Varastointil\u00e4mp\u00f6tila: +2 ... +25\u00b0C Ravintoarvo 100 g kohti:  Energia: 721 kJ \/ 171 kcal  Rasvat: 19,7 g  Tyydyttyneit\u00e4 rasvahappoja: 6,3g.  Hiilihydraatit: 0,2 g  josta sokereita: 0 g  Proteiini: 24,5g  Suola: 0,94g\" \/>\n<meta property=\"og:url\" content=\"https:\/\/delikatess.eu\/fi\/product\/purkitettu-hammasahven-250g\/\" \/>\n<meta property=\"og:site_name\" content=\"Delikatess Food O&Uuml;\" \/>\n<meta property=\"article:publisher\" content=\"https:\/\/www.facebook.com\/delikatessfood\/\" \/>\n<meta property=\"article:modified_time\" content=\"2025-06-21T15:12:05+00:00\" \/>\n<meta property=\"og:image\" content=\"https:\/\/delikatess.eu\/wp-content\/uploads\/2025\/06\/Delikatess-Sebraliha-konserv.webp\" \/>\n\t<meta property=\"og:image:width\" content=\"1080\" \/>\n\t<meta property=\"og:image:height\" content=\"1080\" \/>\n\t<meta property=\"og:image:type\" content=\"image\/webp\" \/>\n<meta name=\"twitter:card\" content=\"summary_large_image\" \/>\n<script type=\"application\/ld+json\" class=\"yoast-schema-graph\">{\"@context\":\"https:\\\/\\\/schema.org\",\"@graph\":[{\"@type\":\"WebPage\",\"@id\":\"https:\\\/\\\/delikatess.eu\\\/fi\\\/product\\\/purkitettu-hammasahven-250g\\\/\",\"url\":\"https:\\\/\\\/delikatess.eu\\\/fi\\\/product\\\/purkitettu-hammasahven-250g\\\/\",\"name\":\"Purkitettu hammasahven 250g - Delikatess Food O&Uuml;\",\"isPartOf\":{\"@id\":\"https:\\\/\\\/delikatess.eu\\\/#website\"},\"primaryImageOfPage\":{\"@id\":\"https:\\\/\\\/delikatess.eu\\\/fi\\\/product\\\/purkitettu-hammasahven-250g\\\/#primaryimage\"},\"image\":{\"@id\":\"https:\\\/\\\/delikatess.eu\\\/fi\\\/product\\\/purkitettu-hammasahven-250g\\\/#primaryimage\"},\"thumbnailUrl\":\"https:\\\/\\\/delikatess.eu\\\/wp-content\\\/uploads\\\/2025\\\/06\\\/Delikatess-Sebraliha-konserv.webp\",\"datePublished\":\"2025-06-21T14:22:20+00:00\",\"dateModified\":\"2025-06-21T15:12:05+00:00\",\"breadcrumb\":{\"@id\":\"https:\\\/\\\/delikatess.eu\\\/fi\\\/product\\\/purkitettu-hammasahven-250g\\\/#breadcrumb\"},\"inLanguage\":\"fi\",\"potentialAction\":[{\"@type\":\"ReadAction\",\"target\":[\"https:\\\/\\\/delikatess.eu\\\/fi\\\/product\\\/purkitettu-hammasahven-250g\\\/\"]}]},{\"@type\":\"ImageObject\",\"inLanguage\":\"fi\",\"@id\":\"https:\\\/\\\/delikatess.eu\\\/fi\\\/product\\\/purkitettu-hammasahven-250g\\\/#primaryimage\",\"url\":\"https:\\\/\\\/delikatess.eu\\\/wp-content\\\/uploads\\\/2025\\\/06\\\/Delikatess-Sebraliha-konserv.webp\",\"contentUrl\":\"https:\\\/\\\/delikatess.eu\\\/wp-content\\\/uploads\\\/2025\\\/06\\\/Delikatess-Sebraliha-konserv.webp\",\"width\":1080,\"height\":1080},{\"@type\":\"BreadcrumbList\",\"@id\":\"https:\\\/\\\/delikatess.eu\\\/fi\\\/product\\\/purkitettu-hammasahven-250g\\\/#breadcrumb\",\"itemListElement\":[{\"@type\":\"ListItem\",\"position\":1,\"name\":\"Home\",\"item\":\"https:\\\/\\\/delikatess.eu\\\/fi\\\/\"},{\"@type\":\"ListItem\",\"position\":2,\"name\":\"Kauppa\",\"item\":\"https:\\\/\\\/delikatess.eu\\\/fi\\\/kauppa\\\/\"},{\"@type\":\"ListItem\",\"position\":3,\"name\":\"Purkitettu hammasahven 250g\"}]},{\"@type\":\"WebSite\",\"@id\":\"https:\\\/\\\/delikatess.eu\\\/#website\",\"url\":\"https:\\\/\\\/delikatess.eu\\\/\",\"name\":\"Delikatess Food O&Uuml;\",\"description\":\"Handmade With Love\",\"publisher\":{\"@id\":\"https:\\\/\\\/delikatess.eu\\\/#organization\"},\"potentialAction\":[{\"@type\":\"SearchAction\",\"target\":{\"@type\":\"EntryPoint\",\"urlTemplate\":\"https:\\\/\\\/delikatess.eu\\\/?s={search_term_string}\"},\"query-input\":{\"@type\":\"PropertyValueSpecification\",\"valueRequired\":true,\"valueName\":\"search_term_string\"}}],\"inLanguage\":\"fi\"},{\"@type\":\"Organization\",\"@id\":\"https:\\\/\\\/delikatess.eu\\\/#organization\",\"name\":\"Delikatess\",\"url\":\"https:\\\/\\\/delikatess.eu\\\/\",\"logo\":{\"@type\":\"ImageObject\",\"inLanguage\":\"fi\",\"@id\":\"https:\\\/\\\/delikatess.eu\\\/#\\\/schema\\\/logo\\\/image\\\/\",\"url\":\"https:\\\/\\\/delikatess.eu\\\/wp-content\\\/uploads\\\/2022\\\/07\\\/Delikatess_logo_labit-1.png\",\"contentUrl\":\"https:\\\/\\\/delikatess.eu\\\/wp-content\\\/uploads\\\/2022\\\/07\\\/Delikatess_logo_labit-1.png\",\"width\":801,\"height\":229,\"caption\":\"Delikatess\"},\"image\":{\"@id\":\"https:\\\/\\\/delikatess.eu\\\/#\\\/schema\\\/logo\\\/image\\\/\"},\"sameAs\":[\"https:\\\/\\\/www.facebook.com\\\/delikatessfood\\\/\",\"https:\\\/\\\/www.instagram.com\\\/delikatess.eu\\\/\"]}]}<\/script>\n<!-- \/ Yoast SEO plugin. -->","yoast_head_json":{"title":"Purkitettu hammasahven 250g - Delikatess Food O&Uuml;","robots":{"index":"index","follow":"follow","max-snippet":"max-snippet:-1","max-image-preview":"max-image-preview:large","max-video-preview":"max-video-preview:-1"},"canonical":"https:\/\/delikatess.eu\/fi\/product\/purkitettu-hammasahven-250g\/","og_locale":"fi_FI","og_type":"article","og_title":"Purkitettu hammasahven 250g - Delikatess Food O&Uuml;","og_description":"Ainesosat: ulkofilee 80 % (lihan alkuper\u00e4: Etel\u00e4-Afrikka), sianliha 18,7 %, suola, mausteet (sis\u00e4lt\u00e4\u00e4 sinappia), arominvahventeet E621, s\u00e4il\u00f6nt\u00e4aine E250. Saattaa sis\u00e4lt\u00e4\u00e4 allergeeneja gluteeni, soija, maito. Varastointil\u00e4mp\u00f6tila: +2 ... +25\u00b0C Ravintoarvo 100 g kohti:  Energia: 721 kJ \/ 171 kcal  Rasvat: 19,7 g  Tyydyttyneit\u00e4 rasvahappoja: 6,3g.  Hiilihydraatit: 0,2 g  josta sokereita: 0 g  Proteiini: 24,5g  Suola: 0,94g","og_url":"https:\/\/delikatess.eu\/fi\/product\/purkitettu-hammasahven-250g\/","og_site_name":"Delikatess Food O&Uuml;","article_publisher":"https:\/\/www.facebook.com\/delikatessfood\/","article_modified_time":"2025-06-21T15:12:05+00:00","og_image":[{"width":1080,"height":1080,"url":"https:\/\/delikatess.eu\/wp-content\/uploads\/2025\/06\/Delikatess-Sebraliha-konserv.webp","type":"image\/webp"}],"twitter_card":"summary_large_image","schema":{"@context":"https:\/\/schema.org","@graph":[{"@type":"WebPage","@id":"https:\/\/delikatess.eu\/fi\/product\/purkitettu-hammasahven-250g\/","url":"https:\/\/delikatess.eu\/fi\/product\/purkitettu-hammasahven-250g\/","name":"Purkitettu hammasahven 250g - Delikatess Food O&Uuml;","isPartOf":{"@id":"https:\/\/delikatess.eu\/#website"},"primaryImageOfPage":{"@id":"https:\/\/delikatess.eu\/fi\/product\/purkitettu-hammasahven-250g\/#primaryimage"},"image":{"@id":"https:\/\/delikatess.eu\/fi\/product\/purkitettu-hammasahven-250g\/#primaryimage"},"thumbnailUrl":"https:\/\/delikatess.eu\/wp-content\/uploads\/2025\/06\/Delikatess-Sebraliha-konserv.webp","datePublished":"2025-06-21T14:22:20+00:00","dateModified":"2025-06-21T15:12:05+00:00","breadcrumb":{"@id":"https:\/\/delikatess.eu\/fi\/product\/purkitettu-hammasahven-250g\/#breadcrumb"},"inLanguage":"fi","potentialAction":[{"@type":"ReadAction","target":["https:\/\/delikatess.eu\/fi\/product\/purkitettu-hammasahven-250g\/"]}]},{"@type":"ImageObject","inLanguage":"fi","@id":"https:\/\/delikatess.eu\/fi\/product\/purkitettu-hammasahven-250g\/#primaryimage","url":"https:\/\/delikatess.eu\/wp-content\/uploads\/2025\/06\/Delikatess-Sebraliha-konserv.webp","contentUrl":"https:\/\/delikatess.eu\/wp-content\/uploads\/2025\/06\/Delikatess-Sebraliha-konserv.webp","width":1080,"height":1080},{"@type":"BreadcrumbList","@id":"https:\/\/delikatess.eu\/fi\/product\/purkitettu-hammasahven-250g\/#breadcrumb","itemListElement":[{"@type":"ListItem","position":1,"name":"Home","item":"https:\/\/delikatess.eu\/fi\/"},{"@type":"ListItem","position":2,"name":"Kauppa","item":"https:\/\/delikatess.eu\/fi\/kauppa\/"},{"@type":"ListItem","position":3,"name":"Purkitettu hammasahven 250g"}]},{"@type":"WebSite","@id":"https:\/\/delikatess.eu\/#website","url":"https:\/\/delikatess.eu\/","name":"Delikatess Food O&Uuml;","description":"Handmade With Love","publisher":{"@id":"https:\/\/delikatess.eu\/#organization"},"potentialAction":[{"@type":"SearchAction","target":{"@type":"EntryPoint","urlTemplate":"https:\/\/delikatess.eu\/?s={search_term_string}"},"query-input":{"@type":"PropertyValueSpecification","valueRequired":true,"valueName":"search_term_string"}}],"inLanguage":"fi"},{"@type":"Organization","@id":"https:\/\/delikatess.eu\/#organization","name":"Delikatess","url":"https:\/\/delikatess.eu\/","logo":{"@type":"ImageObject","inLanguage":"fi","@id":"https:\/\/delikatess.eu\/#\/schema\/logo\/image\/","url":"https:\/\/delikatess.eu\/wp-content\/uploads\/2022\/07\/Delikatess_logo_labit-1.png","contentUrl":"https:\/\/delikatess.eu\/wp-content\/uploads\/2022\/07\/Delikatess_logo_labit-1.png","width":801,"height":229,"caption":"Delikatess"},"image":{"@id":"https:\/\/delikatess.eu\/#\/schema\/logo\/image\/"},"sameAs":["https:\/\/www.facebook.com\/delikatessfood\/","https:\/\/www.instagram.com\/delikatess.eu\/"]}]}},"jetpack_sharing_enabled":true,"_links":{"self":[{"href":"https:\/\/delikatess.eu\/fi\/wp-json\/wp\/v2\/product\/5437","targetHints":{"allow":["GET"]}}],"collection":[{"href":"https:\/\/delikatess.eu\/fi\/wp-json\/wp\/v2\/product"}],"about":[{"href":"https:\/\/delikatess.eu\/fi\/wp-json\/wp\/v2\/types\/product"}],"wp:featuredmedia":[{"embeddable":true,"href":"https:\/\/delikatess.eu\/fi\/wp-json\/wp\/v2\/media\/5400"}],"wp:attachment":[{"href":"https:\/\/delikatess.eu\/fi\/wp-json\/wp\/v2\/media?parent=5437"}],"wp:term":[{"taxonomy":"product_brand","embeddable":true,"href":"https:\/\/delikatess.eu\/fi\/wp-json\/wp\/v2\/product_brand?post=5437"},{"taxonomy":"product_cat","embeddable":true,"href":"https:\/\/delikatess.eu\/fi\/wp-json\/wp\/v2\/product_cat?post=5437"},{"taxonomy":"product_tag","embeddable":true,"href":"https:\/\/delikatess.eu\/fi\/wp-json\/wp\/v2\/product_tag?post=5437"}],"curies":[{"name":"wp","href":"https:\/\/api.w.org\/{rel}","templated":true}]}}