{"id":4854,"date":"2023-12-19T12:02:00","date_gmt":"2023-12-19T12:02:00","guid":{"rendered":"https:\/\/delikatess.eu\/product\/llmavat-juustopallot-savustetut\/"},"modified":"2024-02-11T12:03:39","modified_gmt":"2024-02-11T12:03:39","slug":"llmavat-juustopallot-savustetut","status":"publish","type":"product","link":"https:\/\/delikatess.eu\/fi\/product\/llmavat-juustopallot-savustetut\/","title":{"rendered":"Llmavat Juustopallot &#8211; Savustetut"},"content":{"rendered":"<p>Ainesosat: Juusto (past\u00f6roitu maito, hapankorppujauho, suola, juoksute), savustetut h\u00e4rk\u00e4pavut.<\/p>\n","protected":false},"excerpt":{"rendered":"<p>Ainesosat: Juusto (past\u00f6roitu maito, hapankorppujauho, suola, juoksute), savustetut h\u00e4rk\u00e4pavut.<\/p>\n","protected":false},"featured_media":4780,"template":"","meta":[],"product_brand":[],"product_cat":[150,142,148],"product_tag":[199,227],"class_list":{"0":"post-4854","1":"product","2":"type-product","3":"status-publish","4":"has-post-thumbnail","6":"product_cat-kermajuustot","7":"product_cat-maitotuotteet","8":"product_cat-savustetut-juustot","9":"product_tag-juusto","10":"product_tag-savustettu","12":"first","13":"instock","14":"shipping-taxable","15":"purchasable","16":"product-type-simple"},"yoast_head":"<!-- This site is optimized with the Yoast SEO plugin v27.5 - https:\/\/yoast.com\/product\/yoast-seo-wordpress\/ -->\n<title>Llmavat Juustopallot - Savustetut - Delikatess Food O&Uuml;<\/title>\n<meta name=\"robots\" content=\"index, follow, max-snippet:-1, max-image-preview:large, max-video-preview:-1\" \/>\n<link rel=\"canonical\" href=\"https:\/\/delikatess.eu\/fi\/product\/llmavat-juustopallot-savustetut\/\" \/>\n<meta property=\"og:locale\" content=\"fi_FI\" \/>\n<meta property=\"og:type\" content=\"article\" \/>\n<meta property=\"og:title\" content=\"Llmavat Juustopallot - Savustetut - Delikatess Food O&Uuml;\" \/>\n<meta property=\"og:description\" content=\"Ainesosat: Juusto (past\u00f6roitu maito, hapankorppujauho, suola, juoksute), savustetut h\u00e4rk\u00e4pavut.\" \/>\n<meta property=\"og:url\" content=\"https:\/\/delikatess.eu\/fi\/product\/llmavat-juustopallot-savustetut\/\" \/>\n<meta property=\"og:site_name\" content=\"Delikatess Food O&Uuml;\" \/>\n<meta property=\"article:publisher\" content=\"https:\/\/www.facebook.com\/delikatessfood\/\" \/>\n<meta property=\"article:modified_time\" content=\"2024-02-11T12:03:39+00:00\" \/>\n<meta property=\"og:image\" content=\"https:\/\/delikatess.eu\/wp-content\/uploads\/2023\/12\/juustupallid_suitsutatud-1.jpg\" \/>\n\t<meta property=\"og:image:width\" content=\"1100\" \/>\n\t<meta property=\"og:image:height\" content=\"1140\" \/>\n\t<meta property=\"og:image:type\" content=\"image\/jpeg\" \/>\n<meta name=\"twitter:card\" content=\"summary_large_image\" \/>\n<script type=\"application\/ld+json\" class=\"yoast-schema-graph\">{\"@context\":\"https:\\\/\\\/schema.org\",\"@graph\":[{\"@type\":\"WebPage\",\"@id\":\"https:\\\/\\\/delikatess.eu\\\/fi\\\/product\\\/llmavat-juustopallot-savustetut\\\/\",\"url\":\"https:\\\/\\\/delikatess.eu\\\/fi\\\/product\\\/llmavat-juustopallot-savustetut\\\/\",\"name\":\"Llmavat Juustopallot - Savustetut - Delikatess Food O&Uuml;\",\"isPartOf\":{\"@id\":\"https:\\\/\\\/delikatess.eu\\\/#website\"},\"primaryImageOfPage\":{\"@id\":\"https:\\\/\\\/delikatess.eu\\\/fi\\\/product\\\/llmavat-juustopallot-savustetut\\\/#primaryimage\"},\"image\":{\"@id\":\"https:\\\/\\\/delikatess.eu\\\/fi\\\/product\\\/llmavat-juustopallot-savustetut\\\/#primaryimage\"},\"thumbnailUrl\":\"https:\\\/\\\/delikatess.eu\\\/wp-content\\\/uploads\\\/2023\\\/12\\\/juustupallid_suitsutatud-1.jpg\",\"datePublished\":\"2023-12-19T12:02:00+00:00\",\"dateModified\":\"2024-02-11T12:03:39+00:00\",\"breadcrumb\":{\"@id\":\"https:\\\/\\\/delikatess.eu\\\/fi\\\/product\\\/llmavat-juustopallot-savustetut\\\/#breadcrumb\"},\"inLanguage\":\"fi\",\"potentialAction\":[{\"@type\":\"ReadAction\",\"target\":[\"https:\\\/\\\/delikatess.eu\\\/fi\\\/product\\\/llmavat-juustopallot-savustetut\\\/\"]}]},{\"@type\":\"ImageObject\",\"inLanguage\":\"fi\",\"@id\":\"https:\\\/\\\/delikatess.eu\\\/fi\\\/product\\\/llmavat-juustopallot-savustetut\\\/#primaryimage\",\"url\":\"https:\\\/\\\/delikatess.eu\\\/wp-content\\\/uploads\\\/2023\\\/12\\\/juustupallid_suitsutatud-1.jpg\",\"contentUrl\":\"https:\\\/\\\/delikatess.eu\\\/wp-content\\\/uploads\\\/2023\\\/12\\\/juustupallid_suitsutatud-1.jpg\",\"width\":1100,\"height\":1140},{\"@type\":\"BreadcrumbList\",\"@id\":\"https:\\\/\\\/delikatess.eu\\\/fi\\\/product\\\/llmavat-juustopallot-savustetut\\\/#breadcrumb\",\"itemListElement\":[{\"@type\":\"ListItem\",\"position\":1,\"name\":\"Home\",\"item\":\"https:\\\/\\\/delikatess.eu\\\/fi\\\/\"},{\"@type\":\"ListItem\",\"position\":2,\"name\":\"Kauppa\",\"item\":\"https:\\\/\\\/delikatess.eu\\\/fi\\\/kauppa\\\/\"},{\"@type\":\"ListItem\",\"position\":3,\"name\":\"Llmavat Juustopallot &#8211; Savustetut\"}]},{\"@type\":\"WebSite\",\"@id\":\"https:\\\/\\\/delikatess.eu\\\/#website\",\"url\":\"https:\\\/\\\/delikatess.eu\\\/\",\"name\":\"Delikatess Food O&Uuml;\",\"description\":\"Handmade With Love\",\"publisher\":{\"@id\":\"https:\\\/\\\/delikatess.eu\\\/#organization\"},\"potentialAction\":[{\"@type\":\"SearchAction\",\"target\":{\"@type\":\"EntryPoint\",\"urlTemplate\":\"https:\\\/\\\/delikatess.eu\\\/?s={search_term_string}\"},\"query-input\":{\"@type\":\"PropertyValueSpecification\",\"valueRequired\":true,\"valueName\":\"search_term_string\"}}],\"inLanguage\":\"fi\"},{\"@type\":\"Organization\",\"@id\":\"https:\\\/\\\/delikatess.eu\\\/#organization\",\"name\":\"Delikatess\",\"url\":\"https:\\\/\\\/delikatess.eu\\\/\",\"logo\":{\"@type\":\"ImageObject\",\"inLanguage\":\"fi\",\"@id\":\"https:\\\/\\\/delikatess.eu\\\/#\\\/schema\\\/logo\\\/image\\\/\",\"url\":\"https:\\\/\\\/delikatess.eu\\\/wp-content\\\/uploads\\\/2022\\\/07\\\/Delikatess_logo_labit-1.png\",\"contentUrl\":\"https:\\\/\\\/delikatess.eu\\\/wp-content\\\/uploads\\\/2022\\\/07\\\/Delikatess_logo_labit-1.png\",\"width\":801,\"height\":229,\"caption\":\"Delikatess\"},\"image\":{\"@id\":\"https:\\\/\\\/delikatess.eu\\\/#\\\/schema\\\/logo\\\/image\\\/\"},\"sameAs\":[\"https:\\\/\\\/www.facebook.com\\\/delikatessfood\\\/\",\"https:\\\/\\\/www.instagram.com\\\/delikatess.eu\\\/\"]}]}<\/script>\n<!-- \/ Yoast SEO plugin. -->","yoast_head_json":{"title":"Llmavat Juustopallot - Savustetut - Delikatess Food O&Uuml;","robots":{"index":"index","follow":"follow","max-snippet":"max-snippet:-1","max-image-preview":"max-image-preview:large","max-video-preview":"max-video-preview:-1"},"canonical":"https:\/\/delikatess.eu\/fi\/product\/llmavat-juustopallot-savustetut\/","og_locale":"fi_FI","og_type":"article","og_title":"Llmavat Juustopallot - Savustetut - Delikatess Food O&Uuml;","og_description":"Ainesosat: Juusto (past\u00f6roitu maito, hapankorppujauho, suola, juoksute), savustetut h\u00e4rk\u00e4pavut.","og_url":"https:\/\/delikatess.eu\/fi\/product\/llmavat-juustopallot-savustetut\/","og_site_name":"Delikatess Food O&Uuml;","article_publisher":"https:\/\/www.facebook.com\/delikatessfood\/","article_modified_time":"2024-02-11T12:03:39+00:00","og_image":[{"width":1100,"height":1140,"url":"https:\/\/delikatess.eu\/wp-content\/uploads\/2023\/12\/juustupallid_suitsutatud-1.jpg","type":"image\/jpeg"}],"twitter_card":"summary_large_image","schema":{"@context":"https:\/\/schema.org","@graph":[{"@type":"WebPage","@id":"https:\/\/delikatess.eu\/fi\/product\/llmavat-juustopallot-savustetut\/","url":"https:\/\/delikatess.eu\/fi\/product\/llmavat-juustopallot-savustetut\/","name":"Llmavat Juustopallot - Savustetut - Delikatess Food O&Uuml;","isPartOf":{"@id":"https:\/\/delikatess.eu\/#website"},"primaryImageOfPage":{"@id":"https:\/\/delikatess.eu\/fi\/product\/llmavat-juustopallot-savustetut\/#primaryimage"},"image":{"@id":"https:\/\/delikatess.eu\/fi\/product\/llmavat-juustopallot-savustetut\/#primaryimage"},"thumbnailUrl":"https:\/\/delikatess.eu\/wp-content\/uploads\/2023\/12\/juustupallid_suitsutatud-1.jpg","datePublished":"2023-12-19T12:02:00+00:00","dateModified":"2024-02-11T12:03:39+00:00","breadcrumb":{"@id":"https:\/\/delikatess.eu\/fi\/product\/llmavat-juustopallot-savustetut\/#breadcrumb"},"inLanguage":"fi","potentialAction":[{"@type":"ReadAction","target":["https:\/\/delikatess.eu\/fi\/product\/llmavat-juustopallot-savustetut\/"]}]},{"@type":"ImageObject","inLanguage":"fi","@id":"https:\/\/delikatess.eu\/fi\/product\/llmavat-juustopallot-savustetut\/#primaryimage","url":"https:\/\/delikatess.eu\/wp-content\/uploads\/2023\/12\/juustupallid_suitsutatud-1.jpg","contentUrl":"https:\/\/delikatess.eu\/wp-content\/uploads\/2023\/12\/juustupallid_suitsutatud-1.jpg","width":1100,"height":1140},{"@type":"BreadcrumbList","@id":"https:\/\/delikatess.eu\/fi\/product\/llmavat-juustopallot-savustetut\/#breadcrumb","itemListElement":[{"@type":"ListItem","position":1,"name":"Home","item":"https:\/\/delikatess.eu\/fi\/"},{"@type":"ListItem","position":2,"name":"Kauppa","item":"https:\/\/delikatess.eu\/fi\/kauppa\/"},{"@type":"ListItem","position":3,"name":"Llmavat Juustopallot &#8211; Savustetut"}]},{"@type":"WebSite","@id":"https:\/\/delikatess.eu\/#website","url":"https:\/\/delikatess.eu\/","name":"Delikatess Food O&Uuml;","description":"Handmade With Love","publisher":{"@id":"https:\/\/delikatess.eu\/#organization"},"potentialAction":[{"@type":"SearchAction","target":{"@type":"EntryPoint","urlTemplate":"https:\/\/delikatess.eu\/?s={search_term_string}"},"query-input":{"@type":"PropertyValueSpecification","valueRequired":true,"valueName":"search_term_string"}}],"inLanguage":"fi"},{"@type":"Organization","@id":"https:\/\/delikatess.eu\/#organization","name":"Delikatess","url":"https:\/\/delikatess.eu\/","logo":{"@type":"ImageObject","inLanguage":"fi","@id":"https:\/\/delikatess.eu\/#\/schema\/logo\/image\/","url":"https:\/\/delikatess.eu\/wp-content\/uploads\/2022\/07\/Delikatess_logo_labit-1.png","contentUrl":"https:\/\/delikatess.eu\/wp-content\/uploads\/2022\/07\/Delikatess_logo_labit-1.png","width":801,"height":229,"caption":"Delikatess"},"image":{"@id":"https:\/\/delikatess.eu\/#\/schema\/logo\/image\/"},"sameAs":["https:\/\/www.facebook.com\/delikatessfood\/","https:\/\/www.instagram.com\/delikatess.eu\/"]}]}},"jetpack_sharing_enabled":true,"_links":{"self":[{"href":"https:\/\/delikatess.eu\/fi\/wp-json\/wp\/v2\/product\/4854","targetHints":{"allow":["GET"]}}],"collection":[{"href":"https:\/\/delikatess.eu\/fi\/wp-json\/wp\/v2\/product"}],"about":[{"href":"https:\/\/delikatess.eu\/fi\/wp-json\/wp\/v2\/types\/product"}],"wp:featuredmedia":[{"embeddable":true,"href":"https:\/\/delikatess.eu\/fi\/wp-json\/wp\/v2\/media\/4780"}],"wp:attachment":[{"href":"https:\/\/delikatess.eu\/fi\/wp-json\/wp\/v2\/media?parent=4854"}],"wp:term":[{"taxonomy":"product_brand","embeddable":true,"href":"https:\/\/delikatess.eu\/fi\/wp-json\/wp\/v2\/product_brand?post=4854"},{"taxonomy":"product_cat","embeddable":true,"href":"https:\/\/delikatess.eu\/fi\/wp-json\/wp\/v2\/product_cat?post=4854"},{"taxonomy":"product_tag","embeddable":true,"href":"https:\/\/delikatess.eu\/fi\/wp-json\/wp\/v2\/product_tag?post=4854"}],"curies":[{"name":"wp","href":"https:\/\/api.w.org\/{rel}","templated":true}]}}