{"id":4369,"date":"2020-04-03T13:15:01","date_gmt":"2020-04-03T13:15:01","guid":{"rendered":"https:\/\/delikatess.eu\/product\/tsillimaitselised-juusturibad\/"},"modified":"2024-06-13T09:34:44","modified_gmt":"2024-06-13T09:34:44","slug":"chilin-makuiset-juustonauhat","status":"publish","type":"product","link":"https:\/\/delikatess.eu\/fi\/product\/chilin-makuiset-juustonauhat\/","title":{"rendered":"Chilin makuiset Juustonauhat"},"content":{"rendered":"<p><strong>100 g tuotetta sis\u00e4lt\u00e4\u00e4 keskim\u00e4\u00e4rin:<\/strong><\/p>\n\t\t<style>\r\n\t\t#wpsm_progress_b_row_4448{\r\n\t    \/*overflow:hidden;*\/\r\n\t    display:block;\r\n\t    width:100%;\r\n\t    border:0px solid #000;\r\n\t    margin-bottom:20px;\r\n        }\r\n\t\t\r\n\t\t<\/style>\r\n\t\t\r\n\t\t<div class=\"wpsm_progress_b_row\" id=\"wpsm_progress_b_row_4448\">\r\n\t\t\t<div class=\"row\">\r\n\t\t\t<style>\r\n\r\n#wpsm_progress_b_row_4448 .indiCol{    \r\n    position: relative;\r\n    padding-right: 15px;\r\n    padding-left: 15px;\r\n}    \r\n\r\n#wpsm_progress_b_row_4448 .wpsm_progress .wpsm_progress-pro-bar {\r\n    background: #e5e5e5;\r\n    margin:5px 0 20px 0;\r\n}\r\n\r\n#wpsm_progress_b_row_4448 .wpsm_progress .wpsm_progress-title{\r\n    font-size: 18px;\r\n    font-weight: 300;\r\n\tfont-family: Open Sans;\r\n    color: #000000;\r\n    line-height: 22px;\r\n}\r\n#wpsm_progress_b_row_4448 .wpsm_progress .wpsm_progress-value{\r\n    line-height: 22px;\r\n    position: absolute;\r\n    top: 0;\r\n    right: 0;\r\n\tfont-style: normal;\r\n\tfont-size: 18px;\r\n    font-weight: 300;\r\n    color: #000000;\r\n}\r\n\r\n#wpsm_progress_b_row_4448 .wpsm_progress .wpsm_progress-bar {\r\n\tbackground-color: #ffa70e;\r\n    animation: animate-positive 2s;\r\n    height:4px;\r\n}\r\n\r\n@-webkit-keyframes animate-positive{\r\n    0% { width: 0%; }\r\n}\r\n@keyframes animate-positive{\r\n    0% { width: 0%; }\r\n}\r\n\r\n<\/style>\r\n\t\r\n\t\t\t\t<div class=\"col-md-12 col-sm-6 indiCol\">\r\n                \r\n\t\t\t\t <div class=\"wpsm_progress\" >\r\n                <div class=\"wpsm_progress-title\" style=\"\">Energiasis\u00e4lt\u00f6: 1052kJ\/250kcal<\/div>\r\n                <div class=\"wpsm_progress-value\" style=\"\">10%<\/div>\r\n                <div class=\"wpsm_progress-pro-bar\" style=\"\">\r\n                    <div class=\"wpsm_progress-bar wow\" style=\"width:10%; <br \/>\n<b>Warning<\/b>:  Undefined variable $indvid_slider_clr in <b>\/data01\/virt56433\/domeenid\/www.delikates.ee\/htdocs\/wp-content\/plugins\/progress-bar-wp\/template\/designs\/design2\/index.php<\/b> on line <b>33<\/b><br \/>\n\"><\/div>\r\n                <\/div>\r\n                <\/div>\r\n                   \r\n                <\/div>\r\n\r\n\t\t    \r\n\t\t\t\t<div class=\"col-md-12 col-sm-6 indiCol\">\r\n                \r\n\t\t\t\t <div class=\"wpsm_progress\" >\r\n                <div class=\"wpsm_progress-title\" style=\"\">Proteiineja: 15,2 g<\/div>\r\n                <div class=\"wpsm_progress-value\" style=\"\">15%<\/div>\r\n                <div class=\"wpsm_progress-pro-bar\" style=\"\">\r\n                    <div class=\"wpsm_progress-bar wow\" style=\"width:15%; <br \/>\n<b>Warning<\/b>:  Undefined variable $indvid_slider_clr in <b>\/data01\/virt56433\/domeenid\/www.delikates.ee\/htdocs\/wp-content\/plugins\/progress-bar-wp\/template\/designs\/design2\/index.php<\/b> on line <b>33<\/b><br \/>\n\"><\/div>\r\n                <\/div>\r\n                <\/div>\r\n                   \r\n                <\/div>\r\n\r\n\t\t    \r\n\t\t\t\t<div class=\"col-md-12 col-sm-6 indiCol\">\r\n                \r\n\t\t\t\t <div class=\"wpsm_progress\" >\r\n                <div class=\"wpsm_progress-title\" style=\"\">Hiilihydraatteja: 0,7 g<\/div>\r\n                <div class=\"wpsm_progress-value\" style=\"\">1%<\/div>\r\n                <div class=\"wpsm_progress-pro-bar\" style=\"\">\r\n                    <div class=\"wpsm_progress-bar wow\" style=\"width:1%; <br \/>\n<b>Warning<\/b>:  Undefined variable $indvid_slider_clr in <b>\/data01\/virt56433\/domeenid\/www.delikates.ee\/htdocs\/wp-content\/plugins\/progress-bar-wp\/template\/designs\/design2\/index.php<\/b> on line <b>33<\/b><br \/>\n\"><\/div>\r\n                <\/div>\r\n                <\/div>\r\n                   \r\n                <\/div>\r\n\r\n\t\t    \r\n\t\t\t\t<div class=\"col-md-12 col-sm-6 indiCol\">\r\n                \r\n\t\t\t\t <div class=\"wpsm_progress\" >\r\n                <div class=\"wpsm_progress-title\" style=\"\">Rasvoja: 28 g<\/div>\r\n                <div class=\"wpsm_progress-value\" style=\"\">28%<\/div>\r\n                <div class=\"wpsm_progress-pro-bar\" style=\"\">\r\n                    <div class=\"wpsm_progress-bar wow\" style=\"width:28%; <br \/>\n<b>Warning<\/b>:  Undefined variable $indvid_slider_clr in <b>\/data01\/virt56433\/domeenid\/www.delikates.ee\/htdocs\/wp-content\/plugins\/progress-bar-wp\/template\/designs\/design2\/index.php<\/b> on line <b>33<\/b><br \/>\n\"><\/div>\r\n                <\/div>\r\n                <\/div>\r\n                   \r\n                <\/div>\r\n\r\n\t\t    \r\n\t\t\t\t<div class=\"col-md-12 col-sm-6 indiCol\">\r\n                \r\n\t\t\t\t <div class=\"wpsm_progress\" >\r\n                <div class=\"wpsm_progress-title\" style=\"\">Suolaa: 6,5 g<\/div>\r\n                <div class=\"wpsm_progress-value\" style=\"\">6%<\/div>\r\n                <div class=\"wpsm_progress-pro-bar\" style=\"\">\r\n                    <div class=\"wpsm_progress-bar wow\" style=\"width:6%; <br \/>\n<b>Warning<\/b>:  Undefined variable $indvid_slider_clr in <b>\/data01\/virt56433\/domeenid\/www.delikates.ee\/htdocs\/wp-content\/plugins\/progress-bar-wp\/template\/designs\/design2\/index.php<\/b> on line <b>33<\/b><br \/>\n\"><\/div>\r\n                <\/div>\r\n                <\/div>\r\n                   \r\n                <\/div>\r\n\r\n\t\t        \r\n\t\t\t<\/div>\r\n\t\t<\/div>\r\n\t\t\r\n\t\t\r\n\t\n","protected":false},"excerpt":{"rendered":"<div class=\"description\">\n<p>Mausteinen juusto sopii hyvin suupalaksi ja l\u00f6yt\u00e4\u00e4 nopeasti paikkansa jokaisen todellisen juustonyst\u00e4v\u00e4n j\u00e4\u00e4kaapista.<\/p>\n<p>Pakattu kaasuymp\u00e4rist\u00f6\u00f6n. Tuote s\u00e4ilyy avaamattomassa pakkauksessa +2&#8230;+15\u02daC l\u00e4mp\u00f6tilassa<\/p>\n<\/div>\n<div class=\"composition\">\n<p>Ainekset: juusto (past\u00f6roitu maito, hapantaikina, juoksete, suola), chili<\/p>\n<\/div>\n","protected":false},"featured_media":4228,"template":"","meta":[],"product_brand":[],"product_cat":[150],"product_tag":[199],"class_list":{"0":"post-4369","1":"product","2":"type-product","3":"status-publish","4":"has-post-thumbnail","6":"product_cat-kermajuustot","7":"product_tag-juusto","9":"first","10":"instock","11":"shipping-taxable","12":"purchasable","13":"product-type-variable"},"yoast_head":"<!-- This site is optimized with the Yoast SEO plugin v27.4 - https:\/\/yoast.com\/product\/yoast-seo-wordpress\/ -->\n<title>Chilin makuiset Juustonauhat - Delikatess Food O&Uuml;<\/title>\n<meta name=\"description\" content=\"Chilin makuiset Juustonauhat sopii hyvin suupalaksi ja l\u00f6yt\u00e4\u00e4 nopeasti paikkansa jokaisen todellisen juustonyst\u00e4v\u00e4n j\u00e4\u00e4kaapista. Lue lis\u00e4\u00e4!\" \/>\n<meta name=\"robots\" content=\"index, follow, max-snippet:-1, max-image-preview:large, max-video-preview:-1\" \/>\n<link rel=\"canonical\" href=\"https:\/\/delikatess.eu\/fi\/product\/chilin-makuiset-juustonauhat\/\" \/>\n<meta property=\"og:locale\" content=\"fi_FI\" \/>\n<meta property=\"og:type\" content=\"article\" \/>\n<meta property=\"og:title\" content=\"Chilin makuiset Juustonauhat - Delikatess Food O&Uuml;\" \/>\n<meta property=\"og:description\" content=\"Chilin makuiset Juustonauhat sopii hyvin suupalaksi ja l\u00f6yt\u00e4\u00e4 nopeasti paikkansa jokaisen todellisen juustonyst\u00e4v\u00e4n j\u00e4\u00e4kaapista. Lue lis\u00e4\u00e4!\" \/>\n<meta property=\"og:url\" content=\"https:\/\/delikatess.eu\/fi\/product\/chilin-makuiset-juustonauhat\/\" \/>\n<meta property=\"og:site_name\" content=\"Delikatess Food O&Uuml;\" \/>\n<meta property=\"article:publisher\" content=\"https:\/\/www.facebook.com\/delikatessfood\/\" \/>\n<meta property=\"article:modified_time\" content=\"2024-06-13T09:34:44+00:00\" \/>\n<meta property=\"og:image\" content=\"https:\/\/delikatess.eu\/wp-content\/uploads\/2020\/04\/Tsilli-juusturibad.jpg\" \/>\n\t<meta property=\"og:image:width\" content=\"700\" \/>\n\t<meta property=\"og:image:height\" content=\"900\" \/>\n\t<meta property=\"og:image:type\" content=\"image\/jpeg\" \/>\n<meta name=\"twitter:card\" content=\"summary_large_image\" \/>\n<script type=\"application\/ld+json\" class=\"yoast-schema-graph\">{\"@context\":\"https:\\\/\\\/schema.org\",\"@graph\":[{\"@type\":\"WebPage\",\"@id\":\"https:\\\/\\\/delikatess.eu\\\/fi\\\/product\\\/chilin-makuiset-juustonauhat\\\/\",\"url\":\"https:\\\/\\\/delikatess.eu\\\/fi\\\/product\\\/chilin-makuiset-juustonauhat\\\/\",\"name\":\"Chilin makuiset Juustonauhat - Delikatess Food O&Uuml;\",\"isPartOf\":{\"@id\":\"https:\\\/\\\/delikatess.eu\\\/#website\"},\"primaryImageOfPage\":{\"@id\":\"https:\\\/\\\/delikatess.eu\\\/fi\\\/product\\\/chilin-makuiset-juustonauhat\\\/#primaryimage\"},\"image\":{\"@id\":\"https:\\\/\\\/delikatess.eu\\\/fi\\\/product\\\/chilin-makuiset-juustonauhat\\\/#primaryimage\"},\"thumbnailUrl\":\"https:\\\/\\\/delikatess.eu\\\/wp-content\\\/uploads\\\/2020\\\/04\\\/Tsilli-juusturibad.jpg\",\"datePublished\":\"2020-04-03T13:15:01+00:00\",\"dateModified\":\"2024-06-13T09:34:44+00:00\",\"description\":\"Chilin makuiset Juustonauhat sopii hyvin suupalaksi ja l\u00f6yt\u00e4\u00e4 nopeasti paikkansa jokaisen todellisen juustonyst\u00e4v\u00e4n j\u00e4\u00e4kaapista. Lue lis\u00e4\u00e4!\",\"breadcrumb\":{\"@id\":\"https:\\\/\\\/delikatess.eu\\\/fi\\\/product\\\/chilin-makuiset-juustonauhat\\\/#breadcrumb\"},\"inLanguage\":\"fi\",\"potentialAction\":[{\"@type\":\"ReadAction\",\"target\":[\"https:\\\/\\\/delikatess.eu\\\/fi\\\/product\\\/chilin-makuiset-juustonauhat\\\/\"]}]},{\"@type\":\"ImageObject\",\"inLanguage\":\"fi\",\"@id\":\"https:\\\/\\\/delikatess.eu\\\/fi\\\/product\\\/chilin-makuiset-juustonauhat\\\/#primaryimage\",\"url\":\"https:\\\/\\\/delikatess.eu\\\/wp-content\\\/uploads\\\/2020\\\/04\\\/Tsilli-juusturibad.jpg\",\"contentUrl\":\"https:\\\/\\\/delikatess.eu\\\/wp-content\\\/uploads\\\/2020\\\/04\\\/Tsilli-juusturibad.jpg\",\"width\":700,\"height\":900,\"caption\":\"Chilin makuiset Juustonauhat\"},{\"@type\":\"BreadcrumbList\",\"@id\":\"https:\\\/\\\/delikatess.eu\\\/fi\\\/product\\\/chilin-makuiset-juustonauhat\\\/#breadcrumb\",\"itemListElement\":[{\"@type\":\"ListItem\",\"position\":1,\"name\":\"Home\",\"item\":\"https:\\\/\\\/delikatess.eu\\\/fi\\\/\"},{\"@type\":\"ListItem\",\"position\":2,\"name\":\"Kauppa\",\"item\":\"https:\\\/\\\/delikatess.eu\\\/fi\\\/kauppa\\\/\"},{\"@type\":\"ListItem\",\"position\":3,\"name\":\"Chilin makuiset Juustonauhat\"}]},{\"@type\":\"WebSite\",\"@id\":\"https:\\\/\\\/delikatess.eu\\\/#website\",\"url\":\"https:\\\/\\\/delikatess.eu\\\/\",\"name\":\"Delikatess Food O&Uuml;\",\"description\":\"Handmade With Love\",\"publisher\":{\"@id\":\"https:\\\/\\\/delikatess.eu\\\/#organization\"},\"potentialAction\":[{\"@type\":\"SearchAction\",\"target\":{\"@type\":\"EntryPoint\",\"urlTemplate\":\"https:\\\/\\\/delikatess.eu\\\/?s={search_term_string}\"},\"query-input\":{\"@type\":\"PropertyValueSpecification\",\"valueRequired\":true,\"valueName\":\"search_term_string\"}}],\"inLanguage\":\"fi\"},{\"@type\":\"Organization\",\"@id\":\"https:\\\/\\\/delikatess.eu\\\/#organization\",\"name\":\"Delikatess\",\"url\":\"https:\\\/\\\/delikatess.eu\\\/\",\"logo\":{\"@type\":\"ImageObject\",\"inLanguage\":\"fi\",\"@id\":\"https:\\\/\\\/delikatess.eu\\\/#\\\/schema\\\/logo\\\/image\\\/\",\"url\":\"https:\\\/\\\/delikatess.eu\\\/wp-content\\\/uploads\\\/2022\\\/07\\\/Delikatess_logo_labit-1.png\",\"contentUrl\":\"https:\\\/\\\/delikatess.eu\\\/wp-content\\\/uploads\\\/2022\\\/07\\\/Delikatess_logo_labit-1.png\",\"width\":801,\"height\":229,\"caption\":\"Delikatess\"},\"image\":{\"@id\":\"https:\\\/\\\/delikatess.eu\\\/#\\\/schema\\\/logo\\\/image\\\/\"},\"sameAs\":[\"https:\\\/\\\/www.facebook.com\\\/delikatessfood\\\/\",\"https:\\\/\\\/www.instagram.com\\\/delikatess.eu\\\/\"]}]}<\/script>\n<!-- \/ Yoast SEO plugin. -->","yoast_head_json":{"title":"Chilin makuiset Juustonauhat - Delikatess Food O&Uuml;","description":"Chilin makuiset Juustonauhat sopii hyvin suupalaksi ja l\u00f6yt\u00e4\u00e4 nopeasti paikkansa jokaisen todellisen juustonyst\u00e4v\u00e4n j\u00e4\u00e4kaapista. Lue lis\u00e4\u00e4!","robots":{"index":"index","follow":"follow","max-snippet":"max-snippet:-1","max-image-preview":"max-image-preview:large","max-video-preview":"max-video-preview:-1"},"canonical":"https:\/\/delikatess.eu\/fi\/product\/chilin-makuiset-juustonauhat\/","og_locale":"fi_FI","og_type":"article","og_title":"Chilin makuiset Juustonauhat - Delikatess Food O&Uuml;","og_description":"Chilin makuiset Juustonauhat sopii hyvin suupalaksi ja l\u00f6yt\u00e4\u00e4 nopeasti paikkansa jokaisen todellisen juustonyst\u00e4v\u00e4n j\u00e4\u00e4kaapista. Lue lis\u00e4\u00e4!","og_url":"https:\/\/delikatess.eu\/fi\/product\/chilin-makuiset-juustonauhat\/","og_site_name":"Delikatess Food O&Uuml;","article_publisher":"https:\/\/www.facebook.com\/delikatessfood\/","article_modified_time":"2024-06-13T09:34:44+00:00","og_image":[{"width":700,"height":900,"url":"https:\/\/delikatess.eu\/wp-content\/uploads\/2020\/04\/Tsilli-juusturibad.jpg","type":"image\/jpeg"}],"twitter_card":"summary_large_image","schema":{"@context":"https:\/\/schema.org","@graph":[{"@type":"WebPage","@id":"https:\/\/delikatess.eu\/fi\/product\/chilin-makuiset-juustonauhat\/","url":"https:\/\/delikatess.eu\/fi\/product\/chilin-makuiset-juustonauhat\/","name":"Chilin makuiset Juustonauhat - Delikatess Food O&Uuml;","isPartOf":{"@id":"https:\/\/delikatess.eu\/#website"},"primaryImageOfPage":{"@id":"https:\/\/delikatess.eu\/fi\/product\/chilin-makuiset-juustonauhat\/#primaryimage"},"image":{"@id":"https:\/\/delikatess.eu\/fi\/product\/chilin-makuiset-juustonauhat\/#primaryimage"},"thumbnailUrl":"https:\/\/delikatess.eu\/wp-content\/uploads\/2020\/04\/Tsilli-juusturibad.jpg","datePublished":"2020-04-03T13:15:01+00:00","dateModified":"2024-06-13T09:34:44+00:00","description":"Chilin makuiset Juustonauhat sopii hyvin suupalaksi ja l\u00f6yt\u00e4\u00e4 nopeasti paikkansa jokaisen todellisen juustonyst\u00e4v\u00e4n j\u00e4\u00e4kaapista. Lue lis\u00e4\u00e4!","breadcrumb":{"@id":"https:\/\/delikatess.eu\/fi\/product\/chilin-makuiset-juustonauhat\/#breadcrumb"},"inLanguage":"fi","potentialAction":[{"@type":"ReadAction","target":["https:\/\/delikatess.eu\/fi\/product\/chilin-makuiset-juustonauhat\/"]}]},{"@type":"ImageObject","inLanguage":"fi","@id":"https:\/\/delikatess.eu\/fi\/product\/chilin-makuiset-juustonauhat\/#primaryimage","url":"https:\/\/delikatess.eu\/wp-content\/uploads\/2020\/04\/Tsilli-juusturibad.jpg","contentUrl":"https:\/\/delikatess.eu\/wp-content\/uploads\/2020\/04\/Tsilli-juusturibad.jpg","width":700,"height":900,"caption":"Chilin makuiset Juustonauhat"},{"@type":"BreadcrumbList","@id":"https:\/\/delikatess.eu\/fi\/product\/chilin-makuiset-juustonauhat\/#breadcrumb","itemListElement":[{"@type":"ListItem","position":1,"name":"Home","item":"https:\/\/delikatess.eu\/fi\/"},{"@type":"ListItem","position":2,"name":"Kauppa","item":"https:\/\/delikatess.eu\/fi\/kauppa\/"},{"@type":"ListItem","position":3,"name":"Chilin makuiset Juustonauhat"}]},{"@type":"WebSite","@id":"https:\/\/delikatess.eu\/#website","url":"https:\/\/delikatess.eu\/","name":"Delikatess Food O&Uuml;","description":"Handmade With Love","publisher":{"@id":"https:\/\/delikatess.eu\/#organization"},"potentialAction":[{"@type":"SearchAction","target":{"@type":"EntryPoint","urlTemplate":"https:\/\/delikatess.eu\/?s={search_term_string}"},"query-input":{"@type":"PropertyValueSpecification","valueRequired":true,"valueName":"search_term_string"}}],"inLanguage":"fi"},{"@type":"Organization","@id":"https:\/\/delikatess.eu\/#organization","name":"Delikatess","url":"https:\/\/delikatess.eu\/","logo":{"@type":"ImageObject","inLanguage":"fi","@id":"https:\/\/delikatess.eu\/#\/schema\/logo\/image\/","url":"https:\/\/delikatess.eu\/wp-content\/uploads\/2022\/07\/Delikatess_logo_labit-1.png","contentUrl":"https:\/\/delikatess.eu\/wp-content\/uploads\/2022\/07\/Delikatess_logo_labit-1.png","width":801,"height":229,"caption":"Delikatess"},"image":{"@id":"https:\/\/delikatess.eu\/#\/schema\/logo\/image\/"},"sameAs":["https:\/\/www.facebook.com\/delikatessfood\/","https:\/\/www.instagram.com\/delikatess.eu\/"]}]}},"jetpack_sharing_enabled":true,"_links":{"self":[{"href":"https:\/\/delikatess.eu\/fi\/wp-json\/wp\/v2\/product\/4369","targetHints":{"allow":["GET"]}}],"collection":[{"href":"https:\/\/delikatess.eu\/fi\/wp-json\/wp\/v2\/product"}],"about":[{"href":"https:\/\/delikatess.eu\/fi\/wp-json\/wp\/v2\/types\/product"}],"wp:featuredmedia":[{"embeddable":true,"href":"https:\/\/delikatess.eu\/fi\/wp-json\/wp\/v2\/media\/4228"}],"wp:attachment":[{"href":"https:\/\/delikatess.eu\/fi\/wp-json\/wp\/v2\/media?parent=4369"}],"wp:term":[{"taxonomy":"product_brand","embeddable":true,"href":"https:\/\/delikatess.eu\/fi\/wp-json\/wp\/v2\/product_brand?post=4369"},{"taxonomy":"product_cat","embeddable":true,"href":"https:\/\/delikatess.eu\/fi\/wp-json\/wp\/v2\/product_cat?post=4369"},{"taxonomy":"product_tag","embeddable":true,"href":"https:\/\/delikatess.eu\/fi\/wp-json\/wp\/v2\/product_tag?post=4369"}],"curies":[{"name":"wp","href":"https:\/\/api.w.org\/{rel}","templated":true}]}}