{"id":4335,"date":"2020-04-05T14:14:08","date_gmt":"2020-04-05T14:14:08","guid":{"rendered":"https:\/\/delikatess.eu\/product\/juustuchipsid\/"},"modified":"2023-10-26T16:00:44","modified_gmt":"2023-10-26T16:00:44","slug":"rapea-juusto","status":"publish","type":"product","link":"https:\/\/delikatess.eu\/fi\/product\/rapea-juusto\/","title":{"rendered":"Rapea juusto"},"content":{"rendered":"<p><strong>100 g tuotetta sis\u00e4lt\u00e4\u00e4 keskim\u00e4\u00e4rin:<\/strong><\/p>\n\t\t<style>\r\n\t\t#wpsm_progress_b_row_4446{\r\n\t    \/*overflow:hidden;*\/\r\n\t    display:block;\r\n\t    width:100%;\r\n\t    border:0px solid #000;\r\n\t    margin-bottom:20px;\r\n        }\r\n\t\t\r\n\t\t<\/style>\r\n\t\t\r\n\t\t<div class=\"wpsm_progress_b_row\" id=\"wpsm_progress_b_row_4446\">\r\n\t\t\t<div class=\"row\">\r\n\t\t\t<style>\r\n\r\n#wpsm_progress_b_row_4446 .indiCol{    \r\n    position: relative;\r\n    padding-right: 15px;\r\n    padding-left: 15px;\r\n}    \r\n\r\n#wpsm_progress_b_row_4446 .wpsm_progress .wpsm_progress-pro-bar {\r\n    background: #e5e5e5;\r\n    margin:5px 0 20px 0;\r\n}\r\n\r\n#wpsm_progress_b_row_4446 .wpsm_progress .wpsm_progress-title{\r\n    font-size: 18px;\r\n    font-weight: 300;\r\n\tfont-family: Open Sans;\r\n    color: #000000;\r\n    line-height: 22px;\r\n}\r\n#wpsm_progress_b_row_4446 .wpsm_progress .wpsm_progress-value{\r\n    line-height: 22px;\r\n    position: absolute;\r\n    top: 0;\r\n    right: 0;\r\n\tfont-style: normal;\r\n\tfont-size: 18px;\r\n    font-weight: 300;\r\n    color: #000000;\r\n}\r\n\r\n#wpsm_progress_b_row_4446 .wpsm_progress .wpsm_progress-bar {\r\n\tbackground-color: #ffa70e;\r\n    animation: animate-positive 2s;\r\n    height:4px;\r\n}\r\n\r\n@-webkit-keyframes animate-positive{\r\n    0% { width: 0%; }\r\n}\r\n@keyframes animate-positive{\r\n    0% { width: 0%; }\r\n}\r\n\r\n<\/style>\r\n\t\r\n\t\t\t\t<div class=\"col-md-12 col-sm-6 indiCol\">\r\n                \r\n\t\t\t\t <div class=\"wpsm_progress\" >\r\n                <div class=\"wpsm_progress-title\" style=\"\">Energiasis\u00e4lt\u00f6: 2371kJ \/\u00a0571kcal<\/div>\r\n                <div class=\"wpsm_progress-value\" style=\"\">26%<\/div>\r\n                <div class=\"wpsm_progress-pro-bar\" style=\"\">\r\n                    <div class=\"wpsm_progress-bar wow\" style=\"width:26%; <br \/>\n<b>Warning<\/b>:  Undefined variable $indvid_slider_clr in <b>\/data01\/virt56433\/domeenid\/www.delikates.ee\/htdocs\/wp-content\/plugins\/progress-bar-wp\/template\/designs\/design2\/index.php<\/b> on line <b>33<\/b><br \/>\n\"><\/div>\r\n                <\/div>\r\n                <\/div>\r\n                   \r\n                <\/div>\r\n\r\n\t\t    \r\n\t\t\t\t<div class=\"col-md-12 col-sm-6 indiCol\">\r\n                \r\n\t\t\t\t <div class=\"wpsm_progress\" >\r\n                <div class=\"wpsm_progress-title\" style=\"\">Proteiineja: 43,6 g<\/div>\r\n                <div class=\"wpsm_progress-value\" style=\"\">44%<\/div>\r\n                <div class=\"wpsm_progress-pro-bar\" style=\"\">\r\n                    <div class=\"wpsm_progress-bar wow\" style=\"width:44%; <br \/>\n<b>Warning<\/b>:  Undefined variable $indvid_slider_clr in <b>\/data01\/virt56433\/domeenid\/www.delikates.ee\/htdocs\/wp-content\/plugins\/progress-bar-wp\/template\/designs\/design2\/index.php<\/b> on line <b>33<\/b><br \/>\n\"><\/div>\r\n                <\/div>\r\n                <\/div>\r\n                   \r\n                <\/div>\r\n\r\n\t\t    \r\n\t\t\t\t<div class=\"col-md-12 col-sm-6 indiCol\">\r\n                \r\n\t\t\t\t <div class=\"wpsm_progress\" >\r\n                <div class=\"wpsm_progress-title\" style=\"\">Hiilihydraatteja: 0,3 g<\/div>\r\n                <div class=\"wpsm_progress-value\" style=\"\">1%<\/div>\r\n                <div class=\"wpsm_progress-pro-bar\" style=\"\">\r\n                    <div class=\"wpsm_progress-bar wow\" style=\"width:1%; <br \/>\n<b>Warning<\/b>:  Undefined variable $indvid_slider_clr in <b>\/data01\/virt56433\/domeenid\/www.delikates.ee\/htdocs\/wp-content\/plugins\/progress-bar-wp\/template\/designs\/design2\/index.php<\/b> on line <b>33<\/b><br \/>\n\"><\/div>\r\n                <\/div>\r\n                <\/div>\r\n                   \r\n                <\/div>\r\n\r\n\t\t    \r\n\t\t\t\t<div class=\"col-md-12 col-sm-6 indiCol\">\r\n                \r\n\t\t\t\t <div class=\"wpsm_progress\" >\r\n                <div class=\"wpsm_progress-title\" style=\"\">Rasvoja: 43,8 g<\/div>\r\n                <div class=\"wpsm_progress-value\" style=\"\">44%<\/div>\r\n                <div class=\"wpsm_progress-pro-bar\" style=\"\">\r\n                    <div class=\"wpsm_progress-bar wow\" style=\"width:44%; <br \/>\n<b>Warning<\/b>:  Undefined variable $indvid_slider_clr in <b>\/data01\/virt56433\/domeenid\/www.delikates.ee\/htdocs\/wp-content\/plugins\/progress-bar-wp\/template\/designs\/design2\/index.php<\/b> on line <b>33<\/b><br \/>\n\"><\/div>\r\n                <\/div>\r\n                <\/div>\r\n                   \r\n                <\/div>\r\n\r\n\t\t    \r\n\t\t\t\t<div class=\"col-md-12 col-sm-6 indiCol\">\r\n                \r\n\t\t\t\t <div class=\"wpsm_progress\" >\r\n                <div class=\"wpsm_progress-title\" style=\"\">Suolaa: 5,1 g<\/div>\r\n                <div class=\"wpsm_progress-value\" style=\"\">5%<\/div>\r\n                <div class=\"wpsm_progress-pro-bar\" style=\"\">\r\n                    <div class=\"wpsm_progress-bar wow\" style=\"width:5%; <br \/>\n<b>Warning<\/b>:  Undefined variable $indvid_slider_clr in <b>\/data01\/virt56433\/domeenid\/www.delikates.ee\/htdocs\/wp-content\/plugins\/progress-bar-wp\/template\/designs\/design2\/index.php<\/b> on line <b>33<\/b><br \/>\n\"><\/div>\r\n                <\/div>\r\n                <\/div>\r\n                   \r\n                <\/div>\r\n\r\n\t\t        \r\n\t\t\t<\/div>\r\n\t\t<\/div>\r\n\t\t\r\n\t\t\r\n\t\n","protected":false},"excerpt":{"rendered":"<div class=\"description\">\n<p>Rapea juusto on loistava v\u00e4lipala.<\/p>\n<p>Pakattu kaasuymp\u00e4rist\u00f6\u00f6n. Tuote s\u00e4ilyy avaamattomassa pakkauksessa +2&#8230;+15\u02daC l\u00e4mp\u00f6tilassa<\/p>\n<\/div>\n<div class=\"composition\">\n<p>Ainesosat: juusto (past\u00f6roitu maito, ricotta, juoksute, suola).<\/p>\n<\/div>\n","protected":false},"featured_media":4222,"template":"","meta":[],"product_brand":[],"product_cat":[148],"product_tag":[],"class_list":{"0":"post-4335","1":"product","2":"type-product","3":"status-publish","4":"has-post-thumbnail","6":"product_cat-savustetut-juustot","8":"first","9":"instock","10":"sale","11":"shipping-taxable","12":"purchasable","13":"product-type-variable"},"yoast_head":"<!-- This site is optimized with the Yoast SEO plugin v27.3 - https:\/\/yoast.com\/product\/yoast-seo-wordpress\/ -->\n<title>Rapea juusto - Delikatess Food O&Uuml;<\/title>\n<meta name=\"description\" content=\"Rapea Juustosuupala! Rapea juusto sopii loistavasti suupalaksi. Pakattu suojakaasuun. Ainesosat: t\u00e4ysmaito, suoja, hapantaikina, juoksute.\" \/>\n<meta name=\"robots\" content=\"index, follow, max-snippet:-1, max-image-preview:large, max-video-preview:-1\" \/>\n<link rel=\"canonical\" href=\"https:\/\/delikatess.eu\/fi\/product\/juustuchipsid\/\" \/>\n<meta property=\"og:locale\" content=\"fi_FI\" \/>\n<meta property=\"og:type\" content=\"article\" \/>\n<meta property=\"og:title\" content=\"Rapea juusto - Delikatess Food O&Uuml;\" \/>\n<meta property=\"og:description\" content=\"Rapea Juustosuupala! Rapea juusto sopii loistavasti suupalaksi. Pakattu suojakaasuun. Ainesosat: t\u00e4ysmaito, suoja, hapantaikina, juoksute.\" \/>\n<meta property=\"og:url\" content=\"https:\/\/delikatess.eu\/fi\/product\/juustuchipsid\/\" \/>\n<meta property=\"og:site_name\" content=\"Delikatess Food O&Uuml;\" \/>\n<meta property=\"article:publisher\" content=\"https:\/\/www.facebook.com\/delikatessfood\/\" \/>\n<meta property=\"article:modified_time\" content=\"2023-10-26T16:00:44+00:00\" \/>\n<meta property=\"og:image\" content=\"https:\/\/delikatess.eu\/wp-content\/uploads\/2020\/04\/Krobe-Juustuamps.jpg\" \/>\n\t<meta property=\"og:image:width\" content=\"700\" \/>\n\t<meta property=\"og:image:height\" content=\"900\" \/>\n\t<meta property=\"og:image:type\" content=\"image\/jpeg\" \/>\n<meta name=\"twitter:card\" content=\"summary_large_image\" \/>\n<script type=\"application\/ld+json\" class=\"yoast-schema-graph\">{\"@context\":\"https:\\\/\\\/schema.org\",\"@graph\":[{\"@type\":\"WebPage\",\"@id\":\"https:\\\/\\\/delikatess.eu\\\/fi\\\/product\\\/juustuchipsid\\\/\",\"url\":\"https:\\\/\\\/delikatess.eu\\\/fi\\\/product\\\/juustuchipsid\\\/\",\"name\":\"Rapea juusto - Delikatess Food O&Uuml;\",\"isPartOf\":{\"@id\":\"https:\\\/\\\/delikatess.eu\\\/#website\"},\"primaryImageOfPage\":{\"@id\":\"https:\\\/\\\/delikatess.eu\\\/fi\\\/product\\\/juustuchipsid\\\/#primaryimage\"},\"image\":{\"@id\":\"https:\\\/\\\/delikatess.eu\\\/fi\\\/product\\\/juustuchipsid\\\/#primaryimage\"},\"thumbnailUrl\":\"https:\\\/\\\/delikatess.eu\\\/wp-content\\\/uploads\\\/2020\\\/04\\\/Krobe-Juustuamps.jpg\",\"datePublished\":\"2020-04-05T14:14:08+00:00\",\"dateModified\":\"2023-10-26T16:00:44+00:00\",\"description\":\"Rapea Juustosuupala! Rapea juusto sopii loistavasti suupalaksi. Pakattu suojakaasuun. Ainesosat: t\u00e4ysmaito, suoja, hapantaikina, juoksute.\",\"breadcrumb\":{\"@id\":\"https:\\\/\\\/delikatess.eu\\\/fi\\\/product\\\/juustuchipsid\\\/#breadcrumb\"},\"inLanguage\":\"fi\",\"potentialAction\":[{\"@type\":\"ReadAction\",\"target\":[\"https:\\\/\\\/delikatess.eu\\\/fi\\\/product\\\/juustuchipsid\\\/\"]}]},{\"@type\":\"ImageObject\",\"inLanguage\":\"fi\",\"@id\":\"https:\\\/\\\/delikatess.eu\\\/fi\\\/product\\\/juustuchipsid\\\/#primaryimage\",\"url\":\"https:\\\/\\\/delikatess.eu\\\/wp-content\\\/uploads\\\/2020\\\/04\\\/Krobe-Juustuamps.jpg\",\"contentUrl\":\"https:\\\/\\\/delikatess.eu\\\/wp-content\\\/uploads\\\/2020\\\/04\\\/Krobe-Juustuamps.jpg\",\"width\":700,\"height\":900,\"caption\":\"Rapea Juustosuupala\"},{\"@type\":\"BreadcrumbList\",\"@id\":\"https:\\\/\\\/delikatess.eu\\\/fi\\\/product\\\/juustuchipsid\\\/#breadcrumb\",\"itemListElement\":[{\"@type\":\"ListItem\",\"position\":1,\"name\":\"Home\",\"item\":\"https:\\\/\\\/delikatess.eu\\\/fi\\\/\"},{\"@type\":\"ListItem\",\"position\":2,\"name\":\"Kauppa\",\"item\":\"https:\\\/\\\/delikatess.eu\\\/fi\\\/kauppa\\\/\"},{\"@type\":\"ListItem\",\"position\":3,\"name\":\"Rapea Juustosuupala\"}]},{\"@type\":\"WebSite\",\"@id\":\"https:\\\/\\\/delikatess.eu\\\/#website\",\"url\":\"https:\\\/\\\/delikatess.eu\\\/\",\"name\":\"Delikatess Food O&Uuml;\",\"description\":\"Handmade With Love\",\"publisher\":{\"@id\":\"https:\\\/\\\/delikatess.eu\\\/#organization\"},\"potentialAction\":[{\"@type\":\"SearchAction\",\"target\":{\"@type\":\"EntryPoint\",\"urlTemplate\":\"https:\\\/\\\/delikatess.eu\\\/?s={search_term_string}\"},\"query-input\":{\"@type\":\"PropertyValueSpecification\",\"valueRequired\":true,\"valueName\":\"search_term_string\"}}],\"inLanguage\":\"fi\"},{\"@type\":\"Organization\",\"@id\":\"https:\\\/\\\/delikatess.eu\\\/#organization\",\"name\":\"Delikatess\",\"url\":\"https:\\\/\\\/delikatess.eu\\\/\",\"logo\":{\"@type\":\"ImageObject\",\"inLanguage\":\"fi\",\"@id\":\"https:\\\/\\\/delikatess.eu\\\/#\\\/schema\\\/logo\\\/image\\\/\",\"url\":\"https:\\\/\\\/delikatess.eu\\\/wp-content\\\/uploads\\\/2022\\\/07\\\/Delikatess_logo_labit-1.png\",\"contentUrl\":\"https:\\\/\\\/delikatess.eu\\\/wp-content\\\/uploads\\\/2022\\\/07\\\/Delikatess_logo_labit-1.png\",\"width\":801,\"height\":229,\"caption\":\"Delikatess\"},\"image\":{\"@id\":\"https:\\\/\\\/delikatess.eu\\\/#\\\/schema\\\/logo\\\/image\\\/\"},\"sameAs\":[\"https:\\\/\\\/www.facebook.com\\\/delikatessfood\\\/\",\"https:\\\/\\\/www.instagram.com\\\/delikatess.eu\\\/\"]}]}<\/script>\n<!-- \/ Yoast SEO plugin. -->","yoast_head_json":{"title":"Rapea juusto - Delikatess Food O&Uuml;","description":"Rapea Juustosuupala! Rapea juusto sopii loistavasti suupalaksi. Pakattu suojakaasuun. Ainesosat: t\u00e4ysmaito, suoja, hapantaikina, juoksute.","robots":{"index":"index","follow":"follow","max-snippet":"max-snippet:-1","max-image-preview":"max-image-preview:large","max-video-preview":"max-video-preview:-1"},"canonical":"https:\/\/delikatess.eu\/fi\/product\/juustuchipsid\/","og_locale":"fi_FI","og_type":"article","og_title":"Rapea juusto - Delikatess Food O&Uuml;","og_description":"Rapea Juustosuupala! Rapea juusto sopii loistavasti suupalaksi. Pakattu suojakaasuun. Ainesosat: t\u00e4ysmaito, suoja, hapantaikina, juoksute.","og_url":"https:\/\/delikatess.eu\/fi\/product\/juustuchipsid\/","og_site_name":"Delikatess Food O&Uuml;","article_publisher":"https:\/\/www.facebook.com\/delikatessfood\/","article_modified_time":"2023-10-26T16:00:44+00:00","og_image":[{"width":700,"height":900,"url":"https:\/\/delikatess.eu\/wp-content\/uploads\/2020\/04\/Krobe-Juustuamps.jpg","type":"image\/jpeg"}],"twitter_card":"summary_large_image","schema":{"@context":"https:\/\/schema.org","@graph":[{"@type":"WebPage","@id":"https:\/\/delikatess.eu\/fi\/product\/juustuchipsid\/","url":"https:\/\/delikatess.eu\/fi\/product\/juustuchipsid\/","name":"Rapea juusto - Delikatess Food O&Uuml;","isPartOf":{"@id":"https:\/\/delikatess.eu\/#website"},"primaryImageOfPage":{"@id":"https:\/\/delikatess.eu\/fi\/product\/juustuchipsid\/#primaryimage"},"image":{"@id":"https:\/\/delikatess.eu\/fi\/product\/juustuchipsid\/#primaryimage"},"thumbnailUrl":"https:\/\/delikatess.eu\/wp-content\/uploads\/2020\/04\/Krobe-Juustuamps.jpg","datePublished":"2020-04-05T14:14:08+00:00","dateModified":"2023-10-26T16:00:44+00:00","description":"Rapea Juustosuupala! Rapea juusto sopii loistavasti suupalaksi. Pakattu suojakaasuun. Ainesosat: t\u00e4ysmaito, suoja, hapantaikina, juoksute.","breadcrumb":{"@id":"https:\/\/delikatess.eu\/fi\/product\/juustuchipsid\/#breadcrumb"},"inLanguage":"fi","potentialAction":[{"@type":"ReadAction","target":["https:\/\/delikatess.eu\/fi\/product\/juustuchipsid\/"]}]},{"@type":"ImageObject","inLanguage":"fi","@id":"https:\/\/delikatess.eu\/fi\/product\/juustuchipsid\/#primaryimage","url":"https:\/\/delikatess.eu\/wp-content\/uploads\/2020\/04\/Krobe-Juustuamps.jpg","contentUrl":"https:\/\/delikatess.eu\/wp-content\/uploads\/2020\/04\/Krobe-Juustuamps.jpg","width":700,"height":900,"caption":"Rapea Juustosuupala"},{"@type":"BreadcrumbList","@id":"https:\/\/delikatess.eu\/fi\/product\/juustuchipsid\/#breadcrumb","itemListElement":[{"@type":"ListItem","position":1,"name":"Home","item":"https:\/\/delikatess.eu\/fi\/"},{"@type":"ListItem","position":2,"name":"Kauppa","item":"https:\/\/delikatess.eu\/fi\/kauppa\/"},{"@type":"ListItem","position":3,"name":"Rapea Juustosuupala"}]},{"@type":"WebSite","@id":"https:\/\/delikatess.eu\/#website","url":"https:\/\/delikatess.eu\/","name":"Delikatess Food O&Uuml;","description":"Handmade With Love","publisher":{"@id":"https:\/\/delikatess.eu\/#organization"},"potentialAction":[{"@type":"SearchAction","target":{"@type":"EntryPoint","urlTemplate":"https:\/\/delikatess.eu\/?s={search_term_string}"},"query-input":{"@type":"PropertyValueSpecification","valueRequired":true,"valueName":"search_term_string"}}],"inLanguage":"fi"},{"@type":"Organization","@id":"https:\/\/delikatess.eu\/#organization","name":"Delikatess","url":"https:\/\/delikatess.eu\/","logo":{"@type":"ImageObject","inLanguage":"fi","@id":"https:\/\/delikatess.eu\/#\/schema\/logo\/image\/","url":"https:\/\/delikatess.eu\/wp-content\/uploads\/2022\/07\/Delikatess_logo_labit-1.png","contentUrl":"https:\/\/delikatess.eu\/wp-content\/uploads\/2022\/07\/Delikatess_logo_labit-1.png","width":801,"height":229,"caption":"Delikatess"},"image":{"@id":"https:\/\/delikatess.eu\/#\/schema\/logo\/image\/"},"sameAs":["https:\/\/www.facebook.com\/delikatessfood\/","https:\/\/www.instagram.com\/delikatess.eu\/"]}]}},"jetpack_sharing_enabled":true,"_links":{"self":[{"href":"https:\/\/delikatess.eu\/fi\/wp-json\/wp\/v2\/product\/4335","targetHints":{"allow":["GET"]}}],"collection":[{"href":"https:\/\/delikatess.eu\/fi\/wp-json\/wp\/v2\/product"}],"about":[{"href":"https:\/\/delikatess.eu\/fi\/wp-json\/wp\/v2\/types\/product"}],"wp:featuredmedia":[{"embeddable":true,"href":"https:\/\/delikatess.eu\/fi\/wp-json\/wp\/v2\/media\/4222"}],"wp:attachment":[{"href":"https:\/\/delikatess.eu\/fi\/wp-json\/wp\/v2\/media?parent=4335"}],"wp:term":[{"taxonomy":"product_brand","embeddable":true,"href":"https:\/\/delikatess.eu\/fi\/wp-json\/wp\/v2\/product_brand?post=4335"},{"taxonomy":"product_cat","embeddable":true,"href":"https:\/\/delikatess.eu\/fi\/wp-json\/wp\/v2\/product_cat?post=4335"},{"taxonomy":"product_tag","embeddable":true,"href":"https:\/\/delikatess.eu\/fi\/wp-json\/wp\/v2\/product_tag?post=4335"}],"curies":[{"name":"wp","href":"https:\/\/api.w.org\/{rel}","templated":true}]}}