{"id":4297,"date":"2020-04-06T17:04:00","date_gmt":"2020-04-06T17:04:00","guid":{"rendered":"https:\/\/delikatess.eu\/product\/taissuitsu-podravorst\/"},"modified":"2022-07-18T13:20:23","modified_gmt":"2022-07-18T13:20:23","slug":"tayssavu-hirvimakkara","status":"publish","type":"product","link":"https:\/\/delikatess.eu\/fi\/product\/tayssavu-hirvimakkara\/","title":{"rendered":"T\u00e4yssavu Hirvimakkara"},"content":{"rendered":"<section class=\"wpb-content-wrapper\"><p>[vc_row][vc_column][vc_column_text text_larger=&#8221;no&#8221;]<\/p>\n<div id=\"wpsm_progress_b_row_3101\" class=\"wpsm_progress_b_row\">\n<p>Energiasis\u00e4lt\u00f6: 1721kJ\/414kcal<\/p>\n<div class=\"col-md-12 col-sm-6 indiCol\">\n<div class=\"wpsm_progress\">\n<div class=\"wpsm_progress-value\">25%<\/div>\n<div class=\"wpsm_progress-pro-bar\">\n<div class=\"wpsm_progress-bar wow\" style=\"width: 25%;\"><\/div>\n<\/div>\n<\/div>\n<\/div>\n<div class=\"col-md-12 col-sm-6 indiCol\">\n<div class=\"wpsm_progress\">\n<div class=\"wpsm_progress-title\">Proteiineja: 34 g<\/div>\n<div class=\"wpsm_progress-value\">34%<\/div>\n<div class=\"wpsm_progress-pro-bar\">\n<div class=\"wpsm_progress-bar wow\" style=\"width: 34%;\"><\/div>\n<\/div>\n<\/div>\n<\/div>\n<div class=\"col-md-12 col-sm-6 indiCol\">\n<div class=\"wpsm_progress\">\n<div class=\"wpsm_progress-title\">Hiilihydraatteja: 1,2 g<\/div>\n<div class=\"wpsm_progress-value\">1%<\/div>\n<div class=\"wpsm_progress-pro-bar\">\n<div class=\"wpsm_progress-bar wow\" style=\"width: 1%;\"><\/div>\n<\/div>\n<\/div>\n<\/div>\n<div class=\"col-md-12 col-sm-6 indiCol\">\n<div class=\"wpsm_progress\">\n<div class=\"wpsm_progress-title\">Rasvoja: 30 g<\/div>\n<div class=\"wpsm_progress-value\">30%<\/div>\n<div class=\"wpsm_progress-pro-bar\">\n<div class=\"wpsm_progress-bar wow\" style=\"width: 30%;\"><\/div>\n<\/div>\n<\/div>\n<\/div>\n<div class=\"col-md-12 col-sm-6 indiCol\">\n<div class=\"wpsm_progress\">\n<div class=\"wpsm_progress-title\">Suolaa: 3,5<\/div>\n<div class=\"wpsm_progress-value\">3%<\/div>\n<div class=\"wpsm_progress-pro-bar\">\n<div class=\"wpsm_progress-bar wow\" style=\"width: 3%;\"><\/div>\n<\/div>\n<\/div>\n<\/div>\n<\/div>\n<p>[\/vc_column_text][\/vc_column][\/vc_row]<\/p>\n<\/section>","protected":false},"excerpt":{"rendered":"<p style=\"font-weight: 400;\">100 g valmiin tuotteen valmistamiseen on k\u00e4ytetty: 80 g hirvenlihaa, 20 g sianlihaa, 20 g siansilavaa, suolaa ja mausteita.<\/p>\n<p style=\"font-weight: 400;\">S\u00e4ilytysl\u00e4mp\u00f6tila: +2+25 C<\/p>\n","protected":false},"featured_media":4156,"template":"","meta":[],"product_brand":[],"product_cat":[137,138],"product_tag":[],"class_list":{"0":"post-4297","1":"product","2":"type-product","3":"status-publish","4":"has-post-thumbnail","6":"product_cat-lihatuotteet","7":"product_cat-makkarat","9":"first","10":"instock","11":"shipping-taxable","12":"purchasable","13":"product-type-simple"},"yoast_head":"<!-- This site is optimized with the Yoast SEO plugin v27.6 - https:\/\/yoast.com\/product\/yoast-seo-wordpress\/ -->\n<title>T\u00e4yssavu Hirvimakkara - Delikatess Food O&Uuml;<\/title>\n<meta name=\"description\" content=\"T\u00e4yssavu Hirvimakkara. 100g valmiin tuotteen valmistamiseen on k\u00e4ytetty: 80g hirvenlihaa, 20g sianlihaa, 20g siansilavaa, suolaa ja mausteita.\" \/>\n<meta name=\"robots\" content=\"index, follow, max-snippet:-1, max-image-preview:large, max-video-preview:-1\" \/>\n<link rel=\"canonical\" href=\"https:\/\/delikatess.eu\/fi\/product\/tayssavu-hirvimakkara\/\" \/>\n<meta property=\"og:locale\" content=\"fi_FI\" \/>\n<meta property=\"og:type\" content=\"article\" \/>\n<meta property=\"og:title\" content=\"T\u00e4yssavu Hirvimakkara - Delikatess Food O&Uuml;\" \/>\n<meta property=\"og:description\" content=\"T\u00e4yssavu Hirvimakkara. 100g valmiin tuotteen valmistamiseen on k\u00e4ytetty: 80g hirvenlihaa, 20g sianlihaa, 20g siansilavaa, suolaa ja mausteita.\" \/>\n<meta property=\"og:url\" content=\"https:\/\/delikatess.eu\/fi\/product\/tayssavu-hirvimakkara\/\" \/>\n<meta property=\"og:site_name\" content=\"Delikatess Food O&Uuml;\" \/>\n<meta property=\"article:publisher\" content=\"https:\/\/www.facebook.com\/delikatessfood\/\" \/>\n<meta property=\"article:modified_time\" content=\"2022-07-18T13:20:23+00:00\" \/>\n<meta property=\"og:image\" content=\"https:\/\/delikatess.eu\/wp-content\/uploads\/2020\/04\/tava-1-1.png\" \/>\n\t<meta property=\"og:image:width\" content=\"1200\" \/>\n\t<meta property=\"og:image:height\" content=\"1200\" \/>\n\t<meta property=\"og:image:type\" content=\"image\/png\" \/>\n<meta name=\"twitter:card\" content=\"summary_large_image\" \/>\n<meta name=\"twitter:label1\" content=\"Arvioitu lukuaika\" \/>\n\t<meta name=\"twitter:data1\" content=\"1 minuutti\" \/>\n<script type=\"application\/ld+json\" class=\"yoast-schema-graph\">{\"@context\":\"https:\\\/\\\/schema.org\",\"@graph\":[{\"@type\":\"WebPage\",\"@id\":\"https:\\\/\\\/delikatess.eu\\\/fi\\\/product\\\/tayssavu-hirvimakkara\\\/\",\"url\":\"https:\\\/\\\/delikatess.eu\\\/fi\\\/product\\\/tayssavu-hirvimakkara\\\/\",\"name\":\"T\u00e4yssavu Hirvimakkara - Delikatess Food O&Uuml;\",\"isPartOf\":{\"@id\":\"https:\\\/\\\/delikatess.eu\\\/#website\"},\"primaryImageOfPage\":{\"@id\":\"https:\\\/\\\/delikatess.eu\\\/fi\\\/product\\\/tayssavu-hirvimakkara\\\/#primaryimage\"},\"image\":{\"@id\":\"https:\\\/\\\/delikatess.eu\\\/fi\\\/product\\\/tayssavu-hirvimakkara\\\/#primaryimage\"},\"thumbnailUrl\":\"https:\\\/\\\/delikatess.eu\\\/wp-content\\\/uploads\\\/2020\\\/04\\\/tava-1-1.png\",\"datePublished\":\"2020-04-06T17:04:00+00:00\",\"dateModified\":\"2022-07-18T13:20:23+00:00\",\"description\":\"T\u00e4yssavu Hirvimakkara. 100g valmiin tuotteen valmistamiseen on k\u00e4ytetty: 80g hirvenlihaa, 20g sianlihaa, 20g siansilavaa, suolaa ja mausteita.\",\"breadcrumb\":{\"@id\":\"https:\\\/\\\/delikatess.eu\\\/fi\\\/product\\\/tayssavu-hirvimakkara\\\/#breadcrumb\"},\"inLanguage\":\"fi\",\"potentialAction\":[{\"@type\":\"ReadAction\",\"target\":[\"https:\\\/\\\/delikatess.eu\\\/fi\\\/product\\\/tayssavu-hirvimakkara\\\/\"]}]},{\"@type\":\"ImageObject\",\"inLanguage\":\"fi\",\"@id\":\"https:\\\/\\\/delikatess.eu\\\/fi\\\/product\\\/tayssavu-hirvimakkara\\\/#primaryimage\",\"url\":\"https:\\\/\\\/delikatess.eu\\\/wp-content\\\/uploads\\\/2020\\\/04\\\/tava-1-1.png\",\"contentUrl\":\"https:\\\/\\\/delikatess.eu\\\/wp-content\\\/uploads\\\/2020\\\/04\\\/tava-1-1.png\",\"width\":1200,\"height\":1200,\"caption\":\"T\u00e4issuitsu P\u00f5dravorst\"},{\"@type\":\"BreadcrumbList\",\"@id\":\"https:\\\/\\\/delikatess.eu\\\/fi\\\/product\\\/tayssavu-hirvimakkara\\\/#breadcrumb\",\"itemListElement\":[{\"@type\":\"ListItem\",\"position\":1,\"name\":\"Home\",\"item\":\"https:\\\/\\\/delikatess.eu\\\/fi\\\/\"},{\"@type\":\"ListItem\",\"position\":2,\"name\":\"Kauppa\",\"item\":\"https:\\\/\\\/delikatess.eu\\\/fi\\\/kauppa\\\/\"},{\"@type\":\"ListItem\",\"position\":3,\"name\":\"T\u00e4yssavu Hirvimakkara\"}]},{\"@type\":\"WebSite\",\"@id\":\"https:\\\/\\\/delikatess.eu\\\/#website\",\"url\":\"https:\\\/\\\/delikatess.eu\\\/\",\"name\":\"Delikatess Food O&Uuml;\",\"description\":\"Handmade With Love\",\"publisher\":{\"@id\":\"https:\\\/\\\/delikatess.eu\\\/#organization\"},\"potentialAction\":[{\"@type\":\"SearchAction\",\"target\":{\"@type\":\"EntryPoint\",\"urlTemplate\":\"https:\\\/\\\/delikatess.eu\\\/?s={search_term_string}\"},\"query-input\":{\"@type\":\"PropertyValueSpecification\",\"valueRequired\":true,\"valueName\":\"search_term_string\"}}],\"inLanguage\":\"fi\"},{\"@type\":\"Organization\",\"@id\":\"https:\\\/\\\/delikatess.eu\\\/#organization\",\"name\":\"Delikatess\",\"url\":\"https:\\\/\\\/delikatess.eu\\\/\",\"logo\":{\"@type\":\"ImageObject\",\"inLanguage\":\"fi\",\"@id\":\"https:\\\/\\\/delikatess.eu\\\/#\\\/schema\\\/logo\\\/image\\\/\",\"url\":\"https:\\\/\\\/delikatess.eu\\\/wp-content\\\/uploads\\\/2022\\\/07\\\/Delikatess_logo_labit-1.png\",\"contentUrl\":\"https:\\\/\\\/delikatess.eu\\\/wp-content\\\/uploads\\\/2022\\\/07\\\/Delikatess_logo_labit-1.png\",\"width\":801,\"height\":229,\"caption\":\"Delikatess\"},\"image\":{\"@id\":\"https:\\\/\\\/delikatess.eu\\\/#\\\/schema\\\/logo\\\/image\\\/\"},\"sameAs\":[\"https:\\\/\\\/www.facebook.com\\\/delikatessfood\\\/\",\"https:\\\/\\\/www.instagram.com\\\/delikatess.eu\\\/\"]}]}<\/script>\n<!-- \/ Yoast SEO plugin. -->","yoast_head_json":{"title":"T\u00e4yssavu Hirvimakkara - Delikatess Food O&Uuml;","description":"T\u00e4yssavu Hirvimakkara. 100g valmiin tuotteen valmistamiseen on k\u00e4ytetty: 80g hirvenlihaa, 20g sianlihaa, 20g siansilavaa, suolaa ja mausteita.","robots":{"index":"index","follow":"follow","max-snippet":"max-snippet:-1","max-image-preview":"max-image-preview:large","max-video-preview":"max-video-preview:-1"},"canonical":"https:\/\/delikatess.eu\/fi\/product\/tayssavu-hirvimakkara\/","og_locale":"fi_FI","og_type":"article","og_title":"T\u00e4yssavu Hirvimakkara - Delikatess Food O&Uuml;","og_description":"T\u00e4yssavu Hirvimakkara. 100g valmiin tuotteen valmistamiseen on k\u00e4ytetty: 80g hirvenlihaa, 20g sianlihaa, 20g siansilavaa, suolaa ja mausteita.","og_url":"https:\/\/delikatess.eu\/fi\/product\/tayssavu-hirvimakkara\/","og_site_name":"Delikatess Food O&Uuml;","article_publisher":"https:\/\/www.facebook.com\/delikatessfood\/","article_modified_time":"2022-07-18T13:20:23+00:00","og_image":[{"width":1200,"height":1200,"url":"https:\/\/delikatess.eu\/wp-content\/uploads\/2020\/04\/tava-1-1.png","type":"image\/png"}],"twitter_card":"summary_large_image","twitter_misc":{"Arvioitu lukuaika":"1 minuutti"},"schema":{"@context":"https:\/\/schema.org","@graph":[{"@type":"WebPage","@id":"https:\/\/delikatess.eu\/fi\/product\/tayssavu-hirvimakkara\/","url":"https:\/\/delikatess.eu\/fi\/product\/tayssavu-hirvimakkara\/","name":"T\u00e4yssavu Hirvimakkara - Delikatess Food O&Uuml;","isPartOf":{"@id":"https:\/\/delikatess.eu\/#website"},"primaryImageOfPage":{"@id":"https:\/\/delikatess.eu\/fi\/product\/tayssavu-hirvimakkara\/#primaryimage"},"image":{"@id":"https:\/\/delikatess.eu\/fi\/product\/tayssavu-hirvimakkara\/#primaryimage"},"thumbnailUrl":"https:\/\/delikatess.eu\/wp-content\/uploads\/2020\/04\/tava-1-1.png","datePublished":"2020-04-06T17:04:00+00:00","dateModified":"2022-07-18T13:20:23+00:00","description":"T\u00e4yssavu Hirvimakkara. 100g valmiin tuotteen valmistamiseen on k\u00e4ytetty: 80g hirvenlihaa, 20g sianlihaa, 20g siansilavaa, suolaa ja mausteita.","breadcrumb":{"@id":"https:\/\/delikatess.eu\/fi\/product\/tayssavu-hirvimakkara\/#breadcrumb"},"inLanguage":"fi","potentialAction":[{"@type":"ReadAction","target":["https:\/\/delikatess.eu\/fi\/product\/tayssavu-hirvimakkara\/"]}]},{"@type":"ImageObject","inLanguage":"fi","@id":"https:\/\/delikatess.eu\/fi\/product\/tayssavu-hirvimakkara\/#primaryimage","url":"https:\/\/delikatess.eu\/wp-content\/uploads\/2020\/04\/tava-1-1.png","contentUrl":"https:\/\/delikatess.eu\/wp-content\/uploads\/2020\/04\/tava-1-1.png","width":1200,"height":1200,"caption":"T\u00e4issuitsu P\u00f5dravorst"},{"@type":"BreadcrumbList","@id":"https:\/\/delikatess.eu\/fi\/product\/tayssavu-hirvimakkara\/#breadcrumb","itemListElement":[{"@type":"ListItem","position":1,"name":"Home","item":"https:\/\/delikatess.eu\/fi\/"},{"@type":"ListItem","position":2,"name":"Kauppa","item":"https:\/\/delikatess.eu\/fi\/kauppa\/"},{"@type":"ListItem","position":3,"name":"T\u00e4yssavu Hirvimakkara"}]},{"@type":"WebSite","@id":"https:\/\/delikatess.eu\/#website","url":"https:\/\/delikatess.eu\/","name":"Delikatess Food O&Uuml;","description":"Handmade With Love","publisher":{"@id":"https:\/\/delikatess.eu\/#organization"},"potentialAction":[{"@type":"SearchAction","target":{"@type":"EntryPoint","urlTemplate":"https:\/\/delikatess.eu\/?s={search_term_string}"},"query-input":{"@type":"PropertyValueSpecification","valueRequired":true,"valueName":"search_term_string"}}],"inLanguage":"fi"},{"@type":"Organization","@id":"https:\/\/delikatess.eu\/#organization","name":"Delikatess","url":"https:\/\/delikatess.eu\/","logo":{"@type":"ImageObject","inLanguage":"fi","@id":"https:\/\/delikatess.eu\/#\/schema\/logo\/image\/","url":"https:\/\/delikatess.eu\/wp-content\/uploads\/2022\/07\/Delikatess_logo_labit-1.png","contentUrl":"https:\/\/delikatess.eu\/wp-content\/uploads\/2022\/07\/Delikatess_logo_labit-1.png","width":801,"height":229,"caption":"Delikatess"},"image":{"@id":"https:\/\/delikatess.eu\/#\/schema\/logo\/image\/"},"sameAs":["https:\/\/www.facebook.com\/delikatessfood\/","https:\/\/www.instagram.com\/delikatess.eu\/"]}]}},"jetpack_sharing_enabled":true,"_links":{"self":[{"href":"https:\/\/delikatess.eu\/fi\/wp-json\/wp\/v2\/product\/4297","targetHints":{"allow":["GET"]}}],"collection":[{"href":"https:\/\/delikatess.eu\/fi\/wp-json\/wp\/v2\/product"}],"about":[{"href":"https:\/\/delikatess.eu\/fi\/wp-json\/wp\/v2\/types\/product"}],"wp:featuredmedia":[{"embeddable":true,"href":"https:\/\/delikatess.eu\/fi\/wp-json\/wp\/v2\/media\/4156"}],"wp:attachment":[{"href":"https:\/\/delikatess.eu\/fi\/wp-json\/wp\/v2\/media?parent=4297"}],"wp:term":[{"taxonomy":"product_brand","embeddable":true,"href":"https:\/\/delikatess.eu\/fi\/wp-json\/wp\/v2\/product_brand?post=4297"},{"taxonomy":"product_cat","embeddable":true,"href":"https:\/\/delikatess.eu\/fi\/wp-json\/wp\/v2\/product_cat?post=4297"},{"taxonomy":"product_tag","embeddable":true,"href":"https:\/\/delikatess.eu\/fi\/wp-json\/wp\/v2\/product_tag?post=4297"}],"curies":[{"name":"wp","href":"https:\/\/api.w.org\/{rel}","templated":true}]}}