{"id":4265,"date":"2020-04-06T17:32:26","date_gmt":"2020-04-06T17:32:26","guid":{"rendered":"https:\/\/delikatess.eu\/product\/kuivatatud-hobuselihavorst\/"},"modified":"2022-07-18T14:25:37","modified_gmt":"2022-07-18T14:25:37","slug":"kuivattu-hevosenlihamakkara","status":"publish","type":"product","link":"https:\/\/delikatess.eu\/fi\/product\/kuivattu-hevosenlihamakkara\/","title":{"rendered":"Kuivattu Hevosenlihamakkara"},"content":{"rendered":"\t\t<style>\r\n\t\t#wpsm_progress_b_row_4452{\r\n\t    \/*overflow:hidden;*\/\r\n\t    display:block;\r\n\t    width:100%;\r\n\t    border:0px solid #000;\r\n\t    margin-bottom:20px;\r\n        }\r\n\t\t\r\n\t\t<\/style>\r\n\t\t\r\n\t\t<div class=\"wpsm_progress_b_row\" id=\"wpsm_progress_b_row_4452\">\r\n\t\t\t<div class=\"row\">\r\n\t\t\t<style>\r\n\r\n#wpsm_progress_b_row_4452 .indiCol{    \r\n    position: relative;\r\n    padding-right: 15px;\r\n    padding-left: 15px;\r\n}    \r\n\r\n#wpsm_progress_b_row_4452 .wpsm_progress .wpsm_progress-pro-bar {\r\n    background: #e5e5e5;\r\n    margin:5px 0 20px 0;\r\n}\r\n\r\n#wpsm_progress_b_row_4452 .wpsm_progress .wpsm_progress-title{\r\n    font-size: 18px;\r\n    font-weight: 300;\r\n\tfont-family: Open Sans;\r\n    color: #000000;\r\n    line-height: 22px;\r\n}\r\n#wpsm_progress_b_row_4452 .wpsm_progress .wpsm_progress-value{\r\n    line-height: 22px;\r\n    position: absolute;\r\n    top: 0;\r\n    right: 0;\r\n\tfont-style: normal;\r\n\tfont-size: 18px;\r\n    font-weight: 300;\r\n    color: #000000;\r\n}\r\n\r\n#wpsm_progress_b_row_4452 .wpsm_progress .wpsm_progress-bar {\r\n\tbackground-color: #ffa70e;\r\n    animation: animate-positive 2s;\r\n    height:4px;\r\n}\r\n\r\n@-webkit-keyframes animate-positive{\r\n    0% { width: 0%; }\r\n}\r\n@keyframes animate-positive{\r\n    0% { width: 0%; }\r\n}\r\n\r\n<\/style>\r\n\t\r\n\t\t\t\t<div class=\"col-md-12 col-sm-6 indiCol\">\r\n                \r\n\t\t\t\t <div class=\"wpsm_progress\" >\r\n                <div class=\"wpsm_progress-title\" style=\"\">Energiasis\u00e4lt\u00f6: 691kJ\/166kcal<\/div>\r\n                <div class=\"wpsm_progress-value\" style=\"\">12%<\/div>\r\n                <div class=\"wpsm_progress-pro-bar\" style=\"\">\r\n                    <div class=\"wpsm_progress-bar wow\" style=\"width:12%; <br \/>\n<b>Warning<\/b>:  Undefined variable $indvid_slider_clr in <b>\/data01\/virt56433\/domeenid\/www.delikates.ee\/htdocs\/wp-content\/plugins\/progress-bar-wp\/template\/designs\/design2\/index.php<\/b> on line <b>33<\/b><br \/>\n\"><\/div>\r\n                <\/div>\r\n                <\/div>\r\n                   \r\n                <\/div>\r\n\r\n\t\t    \r\n\t\t\t\t<div class=\"col-md-12 col-sm-6 indiCol\">\r\n                \r\n\t\t\t\t <div class=\"wpsm_progress\" >\r\n                <div class=\"wpsm_progress-title\" style=\"\">Proteiineja: 19,3 g<\/div>\r\n                <div class=\"wpsm_progress-value\" style=\"\">19%<\/div>\r\n                <div class=\"wpsm_progress-pro-bar\" style=\"\">\r\n                    <div class=\"wpsm_progress-bar wow\" style=\"width:19%; <br \/>\n<b>Warning<\/b>:  Undefined variable $indvid_slider_clr in <b>\/data01\/virt56433\/domeenid\/www.delikates.ee\/htdocs\/wp-content\/plugins\/progress-bar-wp\/template\/designs\/design2\/index.php<\/b> on line <b>33<\/b><br \/>\n\"><\/div>\r\n                <\/div>\r\n                <\/div>\r\n                   \r\n                <\/div>\r\n\r\n\t\t    \r\n\t\t\t\t<div class=\"col-md-12 col-sm-6 indiCol\">\r\n                \r\n\t\t\t\t <div class=\"wpsm_progress\" >\r\n                <div class=\"wpsm_progress-title\" style=\"\">Hiilihydraatteja: 0 g<\/div>\r\n                <div class=\"wpsm_progress-value\" style=\"\">1%<\/div>\r\n                <div class=\"wpsm_progress-pro-bar\" style=\"\">\r\n                    <div class=\"wpsm_progress-bar wow\" style=\"width:1%; <br \/>\n<b>Warning<\/b>:  Undefined variable $indvid_slider_clr in <b>\/data01\/virt56433\/domeenid\/www.delikates.ee\/htdocs\/wp-content\/plugins\/progress-bar-wp\/template\/designs\/design2\/index.php<\/b> on line <b>33<\/b><br \/>\n\"><\/div>\r\n                <\/div>\r\n                <\/div>\r\n                   \r\n                <\/div>\r\n\r\n\t\t    \r\n\t\t\t\t<div class=\"col-md-12 col-sm-6 indiCol\">\r\n                \r\n\t\t\t\t <div class=\"wpsm_progress\" >\r\n                <div class=\"wpsm_progress-title\" style=\"\">Rasvoja: 9,8 g<\/div>\r\n                <div class=\"wpsm_progress-value\" style=\"\">51%<\/div>\r\n                <div class=\"wpsm_progress-pro-bar\" style=\"\">\r\n                    <div class=\"wpsm_progress-bar wow\" style=\"width:51%; <br \/>\n<b>Warning<\/b>:  Undefined variable $indvid_slider_clr in <b>\/data01\/virt56433\/domeenid\/www.delikates.ee\/htdocs\/wp-content\/plugins\/progress-bar-wp\/template\/designs\/design2\/index.php<\/b> on line <b>33<\/b><br \/>\n\"><\/div>\r\n                <\/div>\r\n                <\/div>\r\n                   \r\n                <\/div>\r\n\r\n\t\t    \r\n\t\t\t\t<div class=\"col-md-12 col-sm-6 indiCol\">\r\n                \r\n\t\t\t\t <div class=\"wpsm_progress\" >\r\n                <div class=\"wpsm_progress-title\" style=\"\">Suolaa: 3,5 g<\/div>\r\n                <div class=\"wpsm_progress-value\" style=\"\">3%<\/div>\r\n                <div class=\"wpsm_progress-pro-bar\" style=\"\">\r\n                    <div class=\"wpsm_progress-bar wow\" style=\"width:3%; <br \/>\n<b>Warning<\/b>:  Undefined variable $indvid_slider_clr in <b>\/data01\/virt56433\/domeenid\/www.delikates.ee\/htdocs\/wp-content\/plugins\/progress-bar-wp\/template\/designs\/design2\/index.php<\/b> on line <b>33<\/b><br \/>\n\"><\/div>\r\n                <\/div>\r\n                <\/div>\r\n                   \r\n                <\/div>\r\n\r\n\t\t        \r\n\t\t\t<\/div>\r\n\t\t<\/div>\r\n\t\t\r\n\t\t\r\n\t\n","protected":false},"excerpt":{"rendered":"<p style=\"font-weight: 400;\">Ainesosat: hevosenliha 85 g, naudanliha, suola, s\u00e4ilytysaineet E250, E252, glukoosisiirappi, stabilointiaineet E451, E452, E450, E500, arominvahventeet E621, E635, el\u00e4inper\u00e4inen proteiini, mausteet, antioksidantti E301, happamuuden s\u00e4\u00e4t\u00f6aine E750, kasviper\u00e4inen proteiini (sis\u00e4lt\u00e4\u00e4 soijaa), maltodekstriini, <strong>laktoosi<\/strong><\/p>\n<p style=\"font-weight: 400;\">S\u00e4ilytysl\u00e4mp\u00f6tila: +2+25 C<\/p>\n","protected":false},"featured_media":4154,"template":"","meta":[],"product_brand":[],"product_cat":[137,138],"product_tag":[],"class_list":{"0":"post-4265","1":"product","2":"type-product","3":"status-publish","4":"has-post-thumbnail","6":"product_cat-lihatuotteet","7":"product_cat-makkarat","9":"first","10":"instock","11":"shipping-taxable","12":"purchasable","13":"product-type-simple"},"yoast_head":"<!-- This site is optimized with the Yoast SEO plugin v27.4 - https:\/\/yoast.com\/product\/yoast-seo-wordpress\/ -->\n<title>Kuivattu Hevosenlihamakkara - Delikatess Food O&Uuml;<\/title>\n<meta name=\"description\" content=\"Kuivattu Hevosenlihamakkara! Toimituskumppanimme varmistavat, ett\u00e4 saat paketin ajoissa ilman vaivaa. Lue lis\u00e4\u00e4!\" \/>\n<meta name=\"robots\" content=\"index, follow, max-snippet:-1, max-image-preview:large, max-video-preview:-1\" \/>\n<link rel=\"canonical\" href=\"https:\/\/delikatess.eu\/fi\/product\/kuivattu-hevosenlihamakkara\/\" \/>\n<meta property=\"og:locale\" content=\"fi_FI\" \/>\n<meta property=\"og:type\" content=\"article\" \/>\n<meta property=\"og:title\" content=\"Kuivattu Hevosenlihamakkara - Delikatess Food O&Uuml;\" \/>\n<meta property=\"og:description\" content=\"Kuivattu Hevosenlihamakkara! Toimituskumppanimme varmistavat, ett\u00e4 saat paketin ajoissa ilman vaivaa. Lue lis\u00e4\u00e4!\" \/>\n<meta property=\"og:url\" content=\"https:\/\/delikatess.eu\/fi\/product\/kuivattu-hevosenlihamakkara\/\" \/>\n<meta property=\"og:site_name\" content=\"Delikatess Food O&Uuml;\" \/>\n<meta property=\"article:publisher\" content=\"https:\/\/www.facebook.com\/delikatessfood\/\" \/>\n<meta property=\"article:modified_time\" content=\"2022-07-18T14:25:37+00:00\" \/>\n<meta property=\"og:image\" content=\"https:\/\/delikatess.eu\/wp-content\/uploads\/2020\/04\/hobene.png\" \/>\n\t<meta property=\"og:image:width\" content=\"1200\" \/>\n\t<meta property=\"og:image:height\" content=\"1200\" \/>\n\t<meta property=\"og:image:type\" content=\"image\/png\" \/>\n<meta name=\"twitter:card\" content=\"summary_large_image\" \/>\n<script type=\"application\/ld+json\" class=\"yoast-schema-graph\">{\"@context\":\"https:\\\/\\\/schema.org\",\"@graph\":[{\"@type\":\"WebPage\",\"@id\":\"https:\\\/\\\/delikatess.eu\\\/fi\\\/product\\\/kuivattu-hevosenlihamakkara\\\/\",\"url\":\"https:\\\/\\\/delikatess.eu\\\/fi\\\/product\\\/kuivattu-hevosenlihamakkara\\\/\",\"name\":\"Kuivattu Hevosenlihamakkara - Delikatess Food O&Uuml;\",\"isPartOf\":{\"@id\":\"https:\\\/\\\/delikatess.eu\\\/#website\"},\"primaryImageOfPage\":{\"@id\":\"https:\\\/\\\/delikatess.eu\\\/fi\\\/product\\\/kuivattu-hevosenlihamakkara\\\/#primaryimage\"},\"image\":{\"@id\":\"https:\\\/\\\/delikatess.eu\\\/fi\\\/product\\\/kuivattu-hevosenlihamakkara\\\/#primaryimage\"},\"thumbnailUrl\":\"https:\\\/\\\/delikatess.eu\\\/wp-content\\\/uploads\\\/2020\\\/04\\\/hobene.png\",\"datePublished\":\"2020-04-06T17:32:26+00:00\",\"dateModified\":\"2022-07-18T14:25:37+00:00\",\"description\":\"Kuivattu Hevosenlihamakkara! Toimituskumppanimme varmistavat, ett\u00e4 saat paketin ajoissa ilman vaivaa. Lue lis\u00e4\u00e4!\",\"breadcrumb\":{\"@id\":\"https:\\\/\\\/delikatess.eu\\\/fi\\\/product\\\/kuivattu-hevosenlihamakkara\\\/#breadcrumb\"},\"inLanguage\":\"fi\",\"potentialAction\":[{\"@type\":\"ReadAction\",\"target\":[\"https:\\\/\\\/delikatess.eu\\\/fi\\\/product\\\/kuivattu-hevosenlihamakkara\\\/\"]}]},{\"@type\":\"ImageObject\",\"inLanguage\":\"fi\",\"@id\":\"https:\\\/\\\/delikatess.eu\\\/fi\\\/product\\\/kuivattu-hevosenlihamakkara\\\/#primaryimage\",\"url\":\"https:\\\/\\\/delikatess.eu\\\/wp-content\\\/uploads\\\/2020\\\/04\\\/hobene.png\",\"contentUrl\":\"https:\\\/\\\/delikatess.eu\\\/wp-content\\\/uploads\\\/2020\\\/04\\\/hobene.png\",\"width\":1200,\"height\":1200,\"caption\":\"Kuivattu Hevosenlihamakkara\"},{\"@type\":\"BreadcrumbList\",\"@id\":\"https:\\\/\\\/delikatess.eu\\\/fi\\\/product\\\/kuivattu-hevosenlihamakkara\\\/#breadcrumb\",\"itemListElement\":[{\"@type\":\"ListItem\",\"position\":1,\"name\":\"Home\",\"item\":\"https:\\\/\\\/delikatess.eu\\\/fi\\\/\"},{\"@type\":\"ListItem\",\"position\":2,\"name\":\"Kauppa\",\"item\":\"https:\\\/\\\/delikatess.eu\\\/fi\\\/kauppa\\\/\"},{\"@type\":\"ListItem\",\"position\":3,\"name\":\"Kuivattu Hevosenlihamakkara\"}]},{\"@type\":\"WebSite\",\"@id\":\"https:\\\/\\\/delikatess.eu\\\/#website\",\"url\":\"https:\\\/\\\/delikatess.eu\\\/\",\"name\":\"Delikatess Food O&Uuml;\",\"description\":\"Handmade With Love\",\"publisher\":{\"@id\":\"https:\\\/\\\/delikatess.eu\\\/#organization\"},\"potentialAction\":[{\"@type\":\"SearchAction\",\"target\":{\"@type\":\"EntryPoint\",\"urlTemplate\":\"https:\\\/\\\/delikatess.eu\\\/?s={search_term_string}\"},\"query-input\":{\"@type\":\"PropertyValueSpecification\",\"valueRequired\":true,\"valueName\":\"search_term_string\"}}],\"inLanguage\":\"fi\"},{\"@type\":\"Organization\",\"@id\":\"https:\\\/\\\/delikatess.eu\\\/#organization\",\"name\":\"Delikatess\",\"url\":\"https:\\\/\\\/delikatess.eu\\\/\",\"logo\":{\"@type\":\"ImageObject\",\"inLanguage\":\"fi\",\"@id\":\"https:\\\/\\\/delikatess.eu\\\/#\\\/schema\\\/logo\\\/image\\\/\",\"url\":\"https:\\\/\\\/delikatess.eu\\\/wp-content\\\/uploads\\\/2022\\\/07\\\/Delikatess_logo_labit-1.png\",\"contentUrl\":\"https:\\\/\\\/delikatess.eu\\\/wp-content\\\/uploads\\\/2022\\\/07\\\/Delikatess_logo_labit-1.png\",\"width\":801,\"height\":229,\"caption\":\"Delikatess\"},\"image\":{\"@id\":\"https:\\\/\\\/delikatess.eu\\\/#\\\/schema\\\/logo\\\/image\\\/\"},\"sameAs\":[\"https:\\\/\\\/www.facebook.com\\\/delikatessfood\\\/\",\"https:\\\/\\\/www.instagram.com\\\/delikatess.eu\\\/\"]}]}<\/script>\n<!-- \/ Yoast SEO plugin. -->","yoast_head_json":{"title":"Kuivattu Hevosenlihamakkara - Delikatess Food O&Uuml;","description":"Kuivattu Hevosenlihamakkara! Toimituskumppanimme varmistavat, ett\u00e4 saat paketin ajoissa ilman vaivaa. Lue lis\u00e4\u00e4!","robots":{"index":"index","follow":"follow","max-snippet":"max-snippet:-1","max-image-preview":"max-image-preview:large","max-video-preview":"max-video-preview:-1"},"canonical":"https:\/\/delikatess.eu\/fi\/product\/kuivattu-hevosenlihamakkara\/","og_locale":"fi_FI","og_type":"article","og_title":"Kuivattu Hevosenlihamakkara - Delikatess Food O&Uuml;","og_description":"Kuivattu Hevosenlihamakkara! Toimituskumppanimme varmistavat, ett\u00e4 saat paketin ajoissa ilman vaivaa. Lue lis\u00e4\u00e4!","og_url":"https:\/\/delikatess.eu\/fi\/product\/kuivattu-hevosenlihamakkara\/","og_site_name":"Delikatess Food O&Uuml;","article_publisher":"https:\/\/www.facebook.com\/delikatessfood\/","article_modified_time":"2022-07-18T14:25:37+00:00","og_image":[{"width":1200,"height":1200,"url":"https:\/\/delikatess.eu\/wp-content\/uploads\/2020\/04\/hobene.png","type":"image\/png"}],"twitter_card":"summary_large_image","schema":{"@context":"https:\/\/schema.org","@graph":[{"@type":"WebPage","@id":"https:\/\/delikatess.eu\/fi\/product\/kuivattu-hevosenlihamakkara\/","url":"https:\/\/delikatess.eu\/fi\/product\/kuivattu-hevosenlihamakkara\/","name":"Kuivattu Hevosenlihamakkara - Delikatess Food O&Uuml;","isPartOf":{"@id":"https:\/\/delikatess.eu\/#website"},"primaryImageOfPage":{"@id":"https:\/\/delikatess.eu\/fi\/product\/kuivattu-hevosenlihamakkara\/#primaryimage"},"image":{"@id":"https:\/\/delikatess.eu\/fi\/product\/kuivattu-hevosenlihamakkara\/#primaryimage"},"thumbnailUrl":"https:\/\/delikatess.eu\/wp-content\/uploads\/2020\/04\/hobene.png","datePublished":"2020-04-06T17:32:26+00:00","dateModified":"2022-07-18T14:25:37+00:00","description":"Kuivattu Hevosenlihamakkara! Toimituskumppanimme varmistavat, ett\u00e4 saat paketin ajoissa ilman vaivaa. Lue lis\u00e4\u00e4!","breadcrumb":{"@id":"https:\/\/delikatess.eu\/fi\/product\/kuivattu-hevosenlihamakkara\/#breadcrumb"},"inLanguage":"fi","potentialAction":[{"@type":"ReadAction","target":["https:\/\/delikatess.eu\/fi\/product\/kuivattu-hevosenlihamakkara\/"]}]},{"@type":"ImageObject","inLanguage":"fi","@id":"https:\/\/delikatess.eu\/fi\/product\/kuivattu-hevosenlihamakkara\/#primaryimage","url":"https:\/\/delikatess.eu\/wp-content\/uploads\/2020\/04\/hobene.png","contentUrl":"https:\/\/delikatess.eu\/wp-content\/uploads\/2020\/04\/hobene.png","width":1200,"height":1200,"caption":"Kuivattu Hevosenlihamakkara"},{"@type":"BreadcrumbList","@id":"https:\/\/delikatess.eu\/fi\/product\/kuivattu-hevosenlihamakkara\/#breadcrumb","itemListElement":[{"@type":"ListItem","position":1,"name":"Home","item":"https:\/\/delikatess.eu\/fi\/"},{"@type":"ListItem","position":2,"name":"Kauppa","item":"https:\/\/delikatess.eu\/fi\/kauppa\/"},{"@type":"ListItem","position":3,"name":"Kuivattu Hevosenlihamakkara"}]},{"@type":"WebSite","@id":"https:\/\/delikatess.eu\/#website","url":"https:\/\/delikatess.eu\/","name":"Delikatess Food O&Uuml;","description":"Handmade With Love","publisher":{"@id":"https:\/\/delikatess.eu\/#organization"},"potentialAction":[{"@type":"SearchAction","target":{"@type":"EntryPoint","urlTemplate":"https:\/\/delikatess.eu\/?s={search_term_string}"},"query-input":{"@type":"PropertyValueSpecification","valueRequired":true,"valueName":"search_term_string"}}],"inLanguage":"fi"},{"@type":"Organization","@id":"https:\/\/delikatess.eu\/#organization","name":"Delikatess","url":"https:\/\/delikatess.eu\/","logo":{"@type":"ImageObject","inLanguage":"fi","@id":"https:\/\/delikatess.eu\/#\/schema\/logo\/image\/","url":"https:\/\/delikatess.eu\/wp-content\/uploads\/2022\/07\/Delikatess_logo_labit-1.png","contentUrl":"https:\/\/delikatess.eu\/wp-content\/uploads\/2022\/07\/Delikatess_logo_labit-1.png","width":801,"height":229,"caption":"Delikatess"},"image":{"@id":"https:\/\/delikatess.eu\/#\/schema\/logo\/image\/"},"sameAs":["https:\/\/www.facebook.com\/delikatessfood\/","https:\/\/www.instagram.com\/delikatess.eu\/"]}]}},"jetpack_sharing_enabled":true,"_links":{"self":[{"href":"https:\/\/delikatess.eu\/fi\/wp-json\/wp\/v2\/product\/4265","targetHints":{"allow":["GET"]}}],"collection":[{"href":"https:\/\/delikatess.eu\/fi\/wp-json\/wp\/v2\/product"}],"about":[{"href":"https:\/\/delikatess.eu\/fi\/wp-json\/wp\/v2\/types\/product"}],"wp:featuredmedia":[{"embeddable":true,"href":"https:\/\/delikatess.eu\/fi\/wp-json\/wp\/v2\/media\/4154"}],"wp:attachment":[{"href":"https:\/\/delikatess.eu\/fi\/wp-json\/wp\/v2\/media?parent=4265"}],"wp:term":[{"taxonomy":"product_brand","embeddable":true,"href":"https:\/\/delikatess.eu\/fi\/wp-json\/wp\/v2\/product_brand?post=4265"},{"taxonomy":"product_cat","embeddable":true,"href":"https:\/\/delikatess.eu\/fi\/wp-json\/wp\/v2\/product_cat?post=4265"},{"taxonomy":"product_tag","embeddable":true,"href":"https:\/\/delikatess.eu\/fi\/wp-json\/wp\/v2\/product_tag?post=4265"}],"curies":[{"name":"wp","href":"https:\/\/api.w.org\/{rel}","templated":true}]}}