{"id":5494,"date":"2025-06-21T16:33:28","date_gmt":"2025-06-21T16:33:28","guid":{"rendered":"https:\/\/delikatess.eu\/vohun-juustotehdas\/"},"modified":"2025-06-21T16:33:29","modified_gmt":"2025-06-21T16:33:29","slug":"vohun-juustotehdas","status":"publish","type":"page","link":"https:\/\/delikatess.eu\/fi\/vohun-juustotehdas\/","title":{"rendered":"V\u00f5hun juustotehdas"},"content":{"rendered":"<section class=\"wpb-content-wrapper\"><p>[vc_row][vc_column][vc_column_text woodmart_inline=&#8221;no&#8221; text_larger=&#8221;no&#8221;]V\u00f5hun juustotehdas perustettiin vuonna 2013. L\u00e4nsi-Virumaalla Delikatess Food O\u00dc:n toimesta, jonka tavoitteena on tarjota korkealaatuisia ja luonnollisia juustotuotteita. Juustotehtaassa keskityt\u00e4\u00e4n perinteisiin menetelmiin ja paikallisiin raaka-aineisiin, ja sen tuotteissa korostuvat aitous ja makujen puhtaus.<\/p>\n<p>K\u00e4sintehdyt juustopillit ovat saaneet erityist\u00e4 tunnustusta. Paikallisesta lehm\u00e4nmaidosta valmistetaan bryndzaa, joka sitten venytet\u00e4\u00e4n juustokeltuaisiksi kuuman veden ja venytystekniikan avulla. N\u00e4it\u00e4 patsoja savustetaan sitruunasavussa kuusi tuntia, mik\u00e4 antaa niille ainutlaatuisen ja t\u00e4ytel\u00e4isen maun. T\u00e4ll\u00e4 hetkell\u00e4 V\u00f5hun juustotehdas valmistaa keskim\u00e4\u00e4rin 2 000 juustoa viikossa.<\/p>\n<p>Yrityksen tuotteilla on arvostetut \u201dAitoa maatilaruokaa\u201d ja \u201dTunnustettu virolainen maku\u201d -merkit. Delikatess-tuotemerkin alta l\u00f6yd\u00e4t t\u00e4ysin luonnollisia savujuustoja ja -makkaroita, joiden reseptit ovat kotitekoisia ja E-vapaita.<\/p>\n<h3><strong>Mist\u00e4 l\u00f6yt\u00e4\u00e4<\/strong><\/h3>\n<p>V\u00f5hun juustotehtaan tuotteita on saatavilla hyvin varustetuissa myym\u00e4l\u00f6iss\u00e4 eri puolilla Viroa, kuten Selveriss\u00e4 ja COOP Marketissa, ja ne ovat edustettuina kes\u00e4messuilla.<\/p>\n<h3>Tiedotusv\u00e4lineiden kattavuus<\/h3>\n<p>Aamutarinoita maalta: 17 | V\u00f5hun juustotehdas<\/p>\n<p><a href=\"https:\/\/arhiiv.err.ee\/video\/vaata\/maahommiku-lood-vohu-juustuvabrik\">https:\/\/arhiiv.err.ee\/video\/vaata\/maahommiku-lood-vohu-juustuvabrik<\/a><\/p>\n<p>Toidutee.ee Virolaiset elintarviketoimittajat | V\u00f5hu Cheustuvabrik<\/p>\n<p><a href=\"https:\/\/www.toidutee.ee\/ettevotted\/vohu-juustuvabrik-et\/268\">https:\/\/www.toidutee.ee\/ettevotted\/vohu-juustuvabrik-et\/268<\/a>[\/vc_column_text][\/vc_column][\/vc_row][vc_row][vc_column][vc_single_image image=&#8221;3595&#8243; img_size=&#8221;large&#8221; parallax_scroll=&#8221;no&#8221; woodmart_inline=&#8221;no&#8221;][\/vc_column][\/vc_row]<\/p>\n<\/section>","protected":false},"excerpt":{"rendered":"<p>[vc_row][vc_column][vc_column_text woodmart_inline=&#8221;no&#8221; text_larger=&#8221;no&#8221;]V\u00f5hun juustotehdas perustettiin vuonna 2013. L\u00e4nsi-Virumaalla Delikatess Food O\u00dc:n toimesta, jonka tavoitteena on tarjota korkealaatuisia ja luonnollisia juustotuotteita.<\/p>\n","protected":false},"author":1,"featured_media":0,"parent":0,"menu_order":0,"comment_status":"closed","ping_status":"closed","template":"","meta":{"footnotes":""},"class_list":["post-5494","page","type-page","status-publish","hentry"],"yoast_head":"<!-- This site is optimized with the Yoast SEO plugin v27.4 - https:\/\/yoast.com\/product\/yoast-seo-wordpress\/ -->\n<title>V\u00f5hun juustotehdas - Delikatess Food O&Uuml;<\/title>\n<meta name=\"robots\" content=\"index, follow, max-snippet:-1, max-image-preview:large, max-video-preview:-1\" \/>\n<link rel=\"canonical\" href=\"https:\/\/delikatess.eu\/fi\/vohun-juustotehdas\/\" \/>\n<meta property=\"og:locale\" content=\"fi_FI\" \/>\n<meta property=\"og:type\" content=\"article\" \/>\n<meta property=\"og:title\" content=\"V\u00f5hun juustotehdas - Delikatess Food O&Uuml;\" \/>\n<meta property=\"og:description\" content=\"[vc_row][vc_column][vc_column_text woodmart_inline=&#8221;no&#8221; text_larger=&#8221;no&#8221;]V\u00f5hun juustotehdas perustettiin vuonna 2013. L\u00e4nsi-Virumaalla Delikatess Food O\u00dc:n toimesta, jonka tavoitteena on tarjota korkealaatuisia ja luonnollisia juustotuotteita.\" \/>\n<meta property=\"og:url\" content=\"https:\/\/delikatess.eu\/fi\/vohun-juustotehdas\/\" \/>\n<meta property=\"og:site_name\" content=\"Delikatess Food O&Uuml;\" \/>\n<meta property=\"article:publisher\" content=\"https:\/\/www.facebook.com\/delikatessfood\/\" \/>\n<meta property=\"article:modified_time\" content=\"2025-06-21T16:33:29+00:00\" \/>\n<meta name=\"twitter:card\" content=\"summary_large_image\" \/>\n<meta name=\"twitter:label1\" content=\"Arvioitu lukuaika\" \/>\n\t<meta name=\"twitter:data1\" content=\"1 minuutti\" \/>\n<script type=\"application\/ld+json\" class=\"yoast-schema-graph\">{\"@context\":\"https:\\\/\\\/schema.org\",\"@graph\":[{\"@type\":\"WebPage\",\"@id\":\"https:\\\/\\\/delikatess.eu\\\/fi\\\/vohun-juustotehdas\\\/\",\"url\":\"https:\\\/\\\/delikatess.eu\\\/fi\\\/vohun-juustotehdas\\\/\",\"name\":\"V\u00f5hun juustotehdas - Delikatess Food O&Uuml;\",\"isPartOf\":{\"@id\":\"https:\\\/\\\/delikatess.eu\\\/#website\"},\"datePublished\":\"2025-06-21T16:33:28+00:00\",\"dateModified\":\"2025-06-21T16:33:29+00:00\",\"breadcrumb\":{\"@id\":\"https:\\\/\\\/delikatess.eu\\\/fi\\\/vohun-juustotehdas\\\/#breadcrumb\"},\"inLanguage\":\"fi\",\"potentialAction\":[{\"@type\":\"ReadAction\",\"target\":[\"https:\\\/\\\/delikatess.eu\\\/fi\\\/vohun-juustotehdas\\\/\"]}]},{\"@type\":\"BreadcrumbList\",\"@id\":\"https:\\\/\\\/delikatess.eu\\\/fi\\\/vohun-juustotehdas\\\/#breadcrumb\",\"itemListElement\":[{\"@type\":\"ListItem\",\"position\":1,\"name\":\"Home\",\"item\":\"https:\\\/\\\/delikatess.eu\\\/fi\\\/\"},{\"@type\":\"ListItem\",\"position\":2,\"name\":\"V\u00f5hun juustotehdas\"}]},{\"@type\":\"WebSite\",\"@id\":\"https:\\\/\\\/delikatess.eu\\\/#website\",\"url\":\"https:\\\/\\\/delikatess.eu\\\/\",\"name\":\"Delikatess Food O&Uuml;\",\"description\":\"Handmade With Love\",\"publisher\":{\"@id\":\"https:\\\/\\\/delikatess.eu\\\/#organization\"},\"potentialAction\":[{\"@type\":\"SearchAction\",\"target\":{\"@type\":\"EntryPoint\",\"urlTemplate\":\"https:\\\/\\\/delikatess.eu\\\/?s={search_term_string}\"},\"query-input\":{\"@type\":\"PropertyValueSpecification\",\"valueRequired\":true,\"valueName\":\"search_term_string\"}}],\"inLanguage\":\"fi\"},{\"@type\":\"Organization\",\"@id\":\"https:\\\/\\\/delikatess.eu\\\/#organization\",\"name\":\"Delikatess\",\"url\":\"https:\\\/\\\/delikatess.eu\\\/\",\"logo\":{\"@type\":\"ImageObject\",\"inLanguage\":\"fi\",\"@id\":\"https:\\\/\\\/delikatess.eu\\\/#\\\/schema\\\/logo\\\/image\\\/\",\"url\":\"https:\\\/\\\/delikatess.eu\\\/wp-content\\\/uploads\\\/2022\\\/07\\\/Delikatess_logo_labit-1.png\",\"contentUrl\":\"https:\\\/\\\/delikatess.eu\\\/wp-content\\\/uploads\\\/2022\\\/07\\\/Delikatess_logo_labit-1.png\",\"width\":801,\"height\":229,\"caption\":\"Delikatess\"},\"image\":{\"@id\":\"https:\\\/\\\/delikatess.eu\\\/#\\\/schema\\\/logo\\\/image\\\/\"},\"sameAs\":[\"https:\\\/\\\/www.facebook.com\\\/delikatessfood\\\/\",\"https:\\\/\\\/www.instagram.com\\\/delikatess.eu\\\/\"]}]}<\/script>\n<!-- \/ Yoast SEO plugin. -->","yoast_head_json":{"title":"V\u00f5hun juustotehdas - Delikatess Food O&Uuml;","robots":{"index":"index","follow":"follow","max-snippet":"max-snippet:-1","max-image-preview":"max-image-preview:large","max-video-preview":"max-video-preview:-1"},"canonical":"https:\/\/delikatess.eu\/fi\/vohun-juustotehdas\/","og_locale":"fi_FI","og_type":"article","og_title":"V\u00f5hun juustotehdas - Delikatess Food O&Uuml;","og_description":"[vc_row][vc_column][vc_column_text woodmart_inline=&#8221;no&#8221; text_larger=&#8221;no&#8221;]V\u00f5hun juustotehdas perustettiin vuonna 2013. L\u00e4nsi-Virumaalla Delikatess Food O\u00dc:n toimesta, jonka tavoitteena on tarjota korkealaatuisia ja luonnollisia juustotuotteita.","og_url":"https:\/\/delikatess.eu\/fi\/vohun-juustotehdas\/","og_site_name":"Delikatess Food O&Uuml;","article_publisher":"https:\/\/www.facebook.com\/delikatessfood\/","article_modified_time":"2025-06-21T16:33:29+00:00","twitter_card":"summary_large_image","twitter_misc":{"Arvioitu lukuaika":"1 minuutti"},"schema":{"@context":"https:\/\/schema.org","@graph":[{"@type":"WebPage","@id":"https:\/\/delikatess.eu\/fi\/vohun-juustotehdas\/","url":"https:\/\/delikatess.eu\/fi\/vohun-juustotehdas\/","name":"V\u00f5hun juustotehdas - Delikatess Food O&Uuml;","isPartOf":{"@id":"https:\/\/delikatess.eu\/#website"},"datePublished":"2025-06-21T16:33:28+00:00","dateModified":"2025-06-21T16:33:29+00:00","breadcrumb":{"@id":"https:\/\/delikatess.eu\/fi\/vohun-juustotehdas\/#breadcrumb"},"inLanguage":"fi","potentialAction":[{"@type":"ReadAction","target":["https:\/\/delikatess.eu\/fi\/vohun-juustotehdas\/"]}]},{"@type":"BreadcrumbList","@id":"https:\/\/delikatess.eu\/fi\/vohun-juustotehdas\/#breadcrumb","itemListElement":[{"@type":"ListItem","position":1,"name":"Home","item":"https:\/\/delikatess.eu\/fi\/"},{"@type":"ListItem","position":2,"name":"V\u00f5hun juustotehdas"}]},{"@type":"WebSite","@id":"https:\/\/delikatess.eu\/#website","url":"https:\/\/delikatess.eu\/","name":"Delikatess Food O&Uuml;","description":"Handmade With Love","publisher":{"@id":"https:\/\/delikatess.eu\/#organization"},"potentialAction":[{"@type":"SearchAction","target":{"@type":"EntryPoint","urlTemplate":"https:\/\/delikatess.eu\/?s={search_term_string}"},"query-input":{"@type":"PropertyValueSpecification","valueRequired":true,"valueName":"search_term_string"}}],"inLanguage":"fi"},{"@type":"Organization","@id":"https:\/\/delikatess.eu\/#organization","name":"Delikatess","url":"https:\/\/delikatess.eu\/","logo":{"@type":"ImageObject","inLanguage":"fi","@id":"https:\/\/delikatess.eu\/#\/schema\/logo\/image\/","url":"https:\/\/delikatess.eu\/wp-content\/uploads\/2022\/07\/Delikatess_logo_labit-1.png","contentUrl":"https:\/\/delikatess.eu\/wp-content\/uploads\/2022\/07\/Delikatess_logo_labit-1.png","width":801,"height":229,"caption":"Delikatess"},"image":{"@id":"https:\/\/delikatess.eu\/#\/schema\/logo\/image\/"},"sameAs":["https:\/\/www.facebook.com\/delikatessfood\/","https:\/\/www.instagram.com\/delikatess.eu\/"]}]}},"jetpack_sharing_enabled":true,"_links":{"self":[{"href":"https:\/\/delikatess.eu\/fi\/wp-json\/wp\/v2\/pages\/5494","targetHints":{"allow":["GET"]}}],"collection":[{"href":"https:\/\/delikatess.eu\/fi\/wp-json\/wp\/v2\/pages"}],"about":[{"href":"https:\/\/delikatess.eu\/fi\/wp-json\/wp\/v2\/types\/page"}],"author":[{"embeddable":true,"href":"https:\/\/delikatess.eu\/fi\/wp-json\/wp\/v2\/users\/1"}],"replies":[{"embeddable":true,"href":"https:\/\/delikatess.eu\/fi\/wp-json\/wp\/v2\/comments?post=5494"}],"version-history":[{"count":5,"href":"https:\/\/delikatess.eu\/fi\/wp-json\/wp\/v2\/pages\/5494\/revisions"}],"predecessor-version":[{"id":5507,"href":"https:\/\/delikatess.eu\/fi\/wp-json\/wp\/v2\/pages\/5494\/revisions\/5507"}],"wp:attachment":[{"href":"https:\/\/delikatess.eu\/fi\/wp-json\/wp\/v2\/media?parent=5494"}],"curies":[{"name":"wp","href":"https:\/\/api.w.org\/{rel}","templated":true}]}}