{"id":3713,"date":"2020-03-26T18:00:48","date_gmt":"2020-03-26T18:00:48","guid":{"rendered":"https:\/\/delikatess.eu\/andmekaitsetingimused\/"},"modified":"2022-07-11T08:40:16","modified_gmt":"2022-07-11T08:40:16","slug":"tietosuojaehdot","status":"publish","type":"page","link":"https:\/\/delikatess.eu\/fi\/tietosuojaehdot\/","title":{"rendered":"Tietosuojaehdot"},"content":{"rendered":"\n<p><strong>Delikatess Food O\u00dc:n tietosuojak\u00e4yt\u00e4nt\u00f6<\/strong><\/p>\n\n\n\n<p><em>Tietosuojaselosteessa kerrotaan periaatteet, joiden perusteella Delikatess Food O\u00dc k\u00e4sittelee asiakkaidensa henkil\u00f6tietoja. Yhten\u00e4inen tietosuojak\u00e4yt\u00e4nt\u00f6 koskee kaikkia yksitt\u00e4isi\u00e4 asiakkaita ja k\u00e4ytt\u00e4ji\u00e4, jotka ostavat Delikatess Food O\u00dc:n tarjoamia tuotteita, tuotteita ja palveluita sek\u00e4 vierailevat Delikatess Food O\u00dc:n myym\u00e4l\u00f6iss\u00e4 ja verkkosivuilla. Delikatess Food O\u00dc k\u00e4ytt\u00e4\u00e4 henkil\u00f6tietoja tarjotakseen sinulle parasta palvelua ja t\u00e4ytt\u00e4\u00e4kseen kaikki sopimussuhteet ja lailliset velvoitteet oikein.<\/em><\/p>\n\n\n\n<p><strong>Tietosuojak\u00e4yt\u00e4nn\u00f6n laajuus<\/strong><\/p>\n\n\n\n<p>Tietosuojak\u00e4yt\u00e4nt\u00f6 koskee kaikkia yksitt\u00e4isi\u00e4 asiakkaita ja k\u00e4ytt\u00e4ji\u00e4, jotka ostavat Delikatess Food O\u00dc:n tarjoamia tuotteita, tuotteita ja palveluita ja jotka vierailevat Delikatess Food O\u00dc:n myym\u00e4l\u00f6iss\u00e4 ja verkkosivuilla.<\/p>\n\n\n\n<p><strong>Mit\u00e4 henkil\u00f6tietoja Delikatess Food O\u00dc ker\u00e4\u00e4?<\/strong><\/p>\n\n\n\n<p>Parhaan palvelun tarjoamiseksi Delikatess Food O\u00dc voi ker\u00e4t\u00e4 henkil\u00f6tietoja siin\u00e4 laajuudessa kuin se on tarpeen palvelun tarjoamiseksi, jotka sis\u00e4lt\u00e4v\u00e4t ensisijaisesti, mutta ei yksinomaan nimesi, henkil\u00f6tunnuksesi, s\u00e4hk\u00f6postiosoitteesi, postiosoitteesi, puhelinnumerosi , haluttu kieli, suoramarkkinointiin liittyv\u00e4t vaihtoehdot ja digitaalisten laitteiden v\u00e4litt\u00e4m\u00e4t tekniset tiedot (esim. ev\u00e4steet ja muut vastaavat tekniikat).<\/p>\n\n\n\n<p>Delikatess Food O\u00dc voi k\u00e4sitell\u00e4 my\u00f6s muita tarpeellisia henkil\u00f6tietoja kohtuullisessa laajuudessa parasta asiakaspalvelua varten sinulle etuk\u00e4teen ilmoitettujen tarkoitusten, laajuuden ja tavalla.<\/p>\n\n\n\n<p>Delikatess Food O\u00dc:ll\u00e4 on oikeus kielt\u00e4yty\u00e4 tavaroiden siirrosta tai palvelujen tarjoamisesta, jos palvelun tarjoaminen ei ole mahdollista ilman henkil\u00f6tietojen k\u00e4sittely\u00e4.<\/p>\n\n\n\n<p><strong>Miten Delikatess Food O\u00dc ker\u00e4\u00e4 henkil\u00f6tietoja?<\/strong><\/p>\n\n\n\n<p>Delikatess Food O\u00dc ker\u00e4\u00e4 henkil\u00f6tietojasi suostumuksellasi asiakassuhteen alussa ja sen aikana, kun ostat ja k\u00e4yt\u00e4t Delikatess Food O\u00dc tuotteita ja palveluita.<\/p>\n\n\n\n<p>Delikatess Food O\u00dc ker\u00e4\u00e4 henkil\u00f6tietojasi vain, jos annat t\u00e4llaiset tiedot vapaaehtoisesti.<\/p>\n\n\n\n<p><strong>Mihin tarkoituksiin Delikatess Food O\u00dc k\u00e4sittelee henkil\u00f6tietojasi?<\/strong><\/p>\n\n\n\n<p>Delikatess Food O\u00dc k\u00e4sittelee henkil\u00f6tietoja seuraaviin tarkoituksiin:<\/p>\n\n\n\n<ul class=\"wp-block-list\"><li>o asiakassuhteen hallinta ja asiakasviestint\u00e4<\/li><li>o vastaaminen asiakaskyselyihin<\/li><li>o asiakassuhteiden kehitt\u00e4minen ja analysointi<\/li><li>o tuotteiden ja palveluiden tarjoaminen<\/li><li>o suoramarkkinointi<\/li><li>o palvelujen hallinta ja kehitt\u00e4minen<\/li><li>o verkkosivuston k\u00e4ytt\u00f6 ja parantaminen<\/li><li>o arvontojen ja kyselyiden tekeminen<\/li><li> o myyntitilastojen laatiminen<\/li><li>o laista johtuvien velvoitteiden t\u00e4ytt\u00e4miseksi<\/li><\/ul>\n\n\n\n<p><strong>Miten Delikatess Food O\u00dc suojaa henkil\u00f6tietojasi?<\/strong><\/p>\n\n\n\n<p>Delikatess Food O\u00dc k\u00e4ytt\u00e4\u00e4 henkil\u00f6tietojesi ker\u00e4\u00e4misess\u00e4, tallentamisessa ja k\u00e4sittelyss\u00e4 ajantasaisia \u200b\u200bja riitt\u00e4vi\u00e4 teknisi\u00e4 ja organisatorisia turvatoimia, jotka suojaavat Delikatess Food O\u00dc:n asiakastietokantoihin tallennettujen henkil\u00f6tietojen luvattomalta p\u00e4\u00e4sylt\u00e4, muuttamiselta, paljastamiselta tai tuhoamiselta. ja verkkosivustot.<\/p>\n\n\n\n<p>Vain valtuutetuilla henkil\u00f6ill\u00e4 on oikeus muuttaa ja k\u00e4sitell\u00e4 henkil\u00f6tietoja.<\/p>\n\n\n\n<p><strong>Henkil\u00f6tietojesi siirto<\/strong><\/p>\n\n\n\n<p>Delikatess Food O\u00dc on henkil\u00f6tietojen rekisterinpit\u00e4j\u00e4. Henkil\u00f6tietojesi k\u00e4sittelyss\u00e4 Delikatess Food O\u00dc voi k\u00e4ytt\u00e4\u00e4 ulkopuolisia palveluntarjoajia, jotka tarjoavat Delikatess Food O\u00dc:lle tarvittavia palveluita (esimerkiksi ohjelmistokehitys, suoramarkkinoinnin v\u00e4litt\u00e4minen, maksu- ja postipalveluntarjoajat). Kaikki ulkopuoliset palveluntarjoajat, joille Delikatess Food O\u00dc v\u00e4litt\u00e4\u00e4 henkil\u00f6tietoja, ovat allekirjoittaneet sopimukset henkil\u00f6tietojen suojaamisesta ja siirrettyjen tietojen luottamuksellisuudesta. Delikatess Food O\u00dc:ll\u00e4 on oikeus siirt\u00e4\u00e4 henkil\u00f6tietoja valvonta-, tutkinta- ja lainvalvontaviranomaisille laissa m\u00e4\u00e4ritellyiss\u00e4 tapauksissa. Delikatess Food O\u00dc&nbsp; v\u00e4litt\u00e4\u00e4 maksujen suorittamiseen tarvittavat henkil\u00f6tiedot valtuutetulle k\u00e4sittelij\u00e4lle Paysera EE O\u00dc.<\/p>\n\n\n\n<p><strong>Henkil\u00f6tietojen k\u00e4sittelyn aikaraja<\/strong><\/p>\n\n\n\n<p>Delikatess Food O\u00dc voi k\u00e4sitell\u00e4 henkil\u00f6tietojasi niin kauan kuin se on tarpeen Delikatess Food O\u00dc:n ja sinun v\u00e4lisen asiakassuhteen tai muun vastaavan suhteen toteuttamiseksi, kunnes peruutat suostumuksesi henkil\u00f6tietojen k\u00e4sittelyyn tai vero- ja laillisiin tarkoituksiin lakis\u00e4\u00e4teisiin m\u00e4\u00e4r\u00e4aikaan asti.<\/p>\n\n\n\n<p><strong>Suoramarkkinointi- ja tyytyv\u00e4isyystutkimukset<\/strong><\/p>\n\n\n\n<p>Suostuksellasi Delikatess Food O\u00dc voi k\u00e4ytt\u00e4\u00e4 antamiasi henkil\u00f6tietoja tarjotakseen sinulle tietoa alennuksista, kampanjoista ja tarjouksista sek\u00e4 tehd\u00e4kseen tyytyv\u00e4isyystutkimuksia.<\/p>\n\n\n\n<p>Jos et en\u00e4\u00e4 halua vastaanottaa suoria tarjouksia, sinulla on oikeus peruuttaa suostumuksesi henkil\u00f6tietojen k\u00e4sittelyyn milloin tahansa noudattamalla suorapostissa olevia ohjeita tai ottamalla yhteytt\u00e4 Delikatess Food O\u00dc:hen s\u00e4hk\u00f6postitse arut@ hot.ee.&nbsp;<\/p>\n\n\n\n<p><strong>Ev\u00e4steiden k\u00e4ytt\u00f6<\/strong><\/p>\n\n\n\n<p>Delikatess Food O\u00dc:n verkkosivustot k\u00e4ytt\u00e4v\u00e4t ev\u00e4steit\u00e4. Ev\u00e4ste on pieni tekstitiedosto, jonka selain tallentaa automaattisesti k\u00e4ytt\u00e4j\u00e4n k\u00e4ytt\u00e4m\u00e4lle laitteelle. Ev\u00e4steit\u00e4 k\u00e4ytet\u00e4\u00e4n ker\u00e4\u00e4m\u00e4\u00e4n tietoja siit\u00e4, miten k\u00e4ytt\u00e4j\u00e4 k\u00e4ytt\u00e4\u00e4 verkkosivustoa, tarkoituksena tarjota k\u00e4ytt\u00e4j\u00e4lle parempi k\u00e4ytt\u00f6kokemus.<\/p>\n\n\n\n<p>Sivustolla k\u00e4ytet\u00e4\u00e4n seuraavia ev\u00e4steit\u00e4:&nbsp;<\/p>\n\n\n\n<ul class=\"wp-block-list\"><li>o istuntoev\u00e4steet, joiden tarkoituksena on mahdollistaa verkkosivuston k\u00e4ytt\u00f6;<\/li><li>o pysyv\u00e4t ev\u00e4steet, joiden tarkoituksena on muistaa asiakkaan valinnat verkkosivustolla;<\/li> li><li>o ensimm\u00e4isen ja\/tai kolmannen osapuolen ev\u00e4steet , joiden tarkoituksena on n\u00e4ytt\u00e4\u00e4 k\u00e4ytt\u00e4j\u00e4lle asianmukaista mainontaa ja tarjouksia;<\/li><li>o kolmannen osapuolen analyysiev\u00e4steet, joiden tarkoituksena on optimoida markkinointiviestint\u00e4\u00e4.< \/li><\/ul>\n\n\n\n<p>K\u00e4ytt\u00e4j\u00e4 voi poistaa ja\/tai est\u00e4\u00e4 laitteilleen tallennetut ev\u00e4steet muuttamalla vastaavia verkkoselaimen asetuksia. Jos ev\u00e4steit\u00e4 ei k\u00e4ytet\u00e4, verkkosivusto ei v\u00e4ltt\u00e4m\u00e4tt\u00e4 toimi suunnitellusti ja\/tai jotkin toiminnot eiv\u00e4t ehk\u00e4 ole k\u00e4ytt\u00e4jien k\u00e4ytett\u00e4viss\u00e4.<\/p>\n\n\n\n<p>Analysointiev\u00e4steiden k\u00e4yt\u00f6n lis\u00e4ksi verkkosivustot k\u00e4ytt\u00e4v\u00e4t pikseleit\u00e4 (pikselitagit, verkkoj\u00e4ljitteet), joita k\u00e4ytet\u00e4\u00e4n verkkosivuston k\u00e4yt\u00f6n seurantaan. N\u00e4in tehdess\u00e4si henkil\u00f6paragraphisia \u200b\u200btunnistetietoja ei k\u00e4sitell\u00e4.<\/p>\n\n\n\n<p><strong>Personoimattomien tietojen k\u00e4sittely<\/strong><\/p>\n\n\n\n<p>Kun vierailet Delikatess Food O\u00dc -sivustoilla, Delikatess Food O\u00dc voi ker\u00e4t\u00e4 sinulta henkil\u00f6paragraphisia \u200b\u200btietoja, kuten verkkosivustolla k\u00e4ynnin p\u00e4iv\u00e4m\u00e4\u00e4r\u00e4n ja kellonajan, verkkosivustolta ladatut tiedot, tiedot selaimen nimest\u00e4 ja k\u00e4ytt\u00f6j\u00e4rjestelm\u00e4st\u00e4, internetpalvelun tarjoajasta. ja muuta vastaavaa tietoa. Konsernin yritykset k\u00e4sittelev\u00e4t n\u00e4it\u00e4 tietoja nimett\u00f6m\u00e4sti ja tietoja k\u00e4ytet\u00e4\u00e4n verkkosivuston toimivuuden parantamiseen.&nbsp;<\/p>\n\n\n\n<p><strong>Henkil\u00f6tietojen siirto Euroopan unionin tai Euroopan talousalueen ulkopuolelle<\/strong><\/p>\n\n\n\n<p>Delikatess Food O\u00dc voi siirt\u00e4\u00e4 henkil\u00f6tietoja kolmansiin maihin (maihin, jotka eiv\u00e4t kuulu Euroopan unioniin tai Euroopan talousalueen maihin) vain, jos siihen on laillinen peruste. Delikatess Food O\u00dc voi k\u00e4ytt\u00e4\u00e4 henkil\u00f6tietojen k\u00e4sittelyss\u00e4 kansainv\u00e4lisi\u00e4 palveluntarjoajia tai yhteisty\u00f6kumppaneita, ja t\u00e4ll\u00f6in Delikatess Food O\u00dc varmistaa, ett\u00e4 henkil\u00f6tietojen siirrolle on laillinen peruste ja tiedot suojataan sovellettavan lain mukaisesti.< \/p>\n\n\n\n<p><strong>Profilointi<\/strong><\/p>\n\n\n\n<p>Delikatess Food O\u00dc voi k\u00e4ytt\u00e4\u00e4 henkil\u00f6tietojasi ja ostotilastotietojasi profiilianalyysin tekemiseen ymm\u00e4rt\u00e4\u00e4kseen paremmin odotuksiasi ja siten tarjotakseen sinulle parempia tuotteita ja palveluita. Delikatess Food O\u00dc ei tee sinuun liittyvi\u00e4 oikeudellisesti merkitt\u00e4vi\u00e4 p\u00e4\u00e4t\u00f6ksi\u00e4 profiloinnin seurauksena.<\/p>\n\n\n\n<p><strong>Oikeutesi henkil\u00f6tietojesi k\u00e4sittelyss\u00e4<\/strong><\/p>\n\n\n\n<p>Sinulla on milloin tahansa oikeus pyyt\u00e4\u00e4 henkil\u00f6tietojasi Delikatess Food O\u00dc:lt\u00e4, jolle olet siirt\u00e4nyt henkil\u00f6tietosi, pyyt\u00e4\u00e4 henkil\u00f6tietojesi korjaamista ja siirt\u00e4mist\u00e4 sek\u00e4 henkil\u00f6tietojesi poistamista. L\u00e4het\u00e4 henkil\u00f6tietojesi k\u00e4sittelyyn liittyv\u00e4t pyynn\u00f6t s\u00e4hk\u00f6isesti osoitteeseen arut@hot.ee. Henkil\u00f6tietojen k\u00e4sittelyn turvallisuuden varmistamiseksi hakemuksesi tulee olla digitaalisesti allekirjoitettu. Delikatess Food O\u00dc:ll\u00e4 on oikeus hyl\u00e4t\u00e4 pyynt\u00f6si, jos henkil\u00f6llisyytt\u00e4si ei voida selvitt\u00e4\u00e4 tai henkil\u00f6tietojen v\u00e4litt\u00e4minen ei ole turvallista. Delikatess Food O\u00dc:ll\u00e4 on oikeus kielt\u00e4yty\u00e4 hyv\u00e4ksym\u00e4st\u00e4 henkil\u00f6tietojen poistopyynt\u00f6\u00e4si, jos henkil\u00f6tietojen k\u00e4sittelyvelvollisuus johtuu voimassa olevasta sopimuksesta, laista tai se on tarpeen henkil\u00f6suojaan liittyvien oikeudellisten vaatimusten valmistelemiseksi, esitt\u00e4miseksi tai puolustamiseksi. omaisuutta.<\/p>\n\n\n\n<p><strong>Tietosuojak\u00e4yt\u00e4nn\u00f6n muutos<\/strong><\/p>\n\n\n\n<p>Delikatess Food O\u00dc:ll\u00e4 on oikeus muuttaa ja t\u00e4ydent\u00e4\u00e4 tietosuojak\u00e4yt\u00e4nt\u00f6\u00e4 milloin tahansa. Nykyinen tietosuojak\u00e4yt\u00e4nt\u00f6 on aina saatavilla yrityksen verkkosivuilla.<\/p>\n\n\n\n<p><strong>Valituksen tekeminen<\/strong><\/p>\n\n\n\n<p>Mik\u00e4li huomaat, ett\u00e4 Delikatess Food O\u00dc loukkaa oikeuksiasi henkil\u00f6tietojen k\u00e4sittelyss\u00e4, sinulla on oikeus milloin tahansa ottaa yhteytt\u00e4 Delikatess Food O\u00dc:hen k\u00e4ytt\u00e4m\u00e4ll\u00e4 verkkosivuilla ilmoitettuja yhteystietoja tai kirjoittamalla osoitteeseen arut@hot. ee,&nbsp; Tietosuojatarkastusvirastolle (www.aki.ee) tai tuomioistuimelle. T\u00e4m\u00e4 tietosuojaselosteen muutos on voimassa 08.04.2020 alkaen<\/p>\n","protected":false},"excerpt":{"rendered":"<p>Delikatess Food O\u00dc:n tietosuojak\u00e4yt\u00e4nt\u00f6 Tietosuojaselosteessa kerrotaan periaatteet, joiden perusteella Delikatess Food O\u00dc k\u00e4sittelee asiakkaidensa henkil\u00f6tietoja. Yhten\u00e4inen tietosuojak\u00e4yt\u00e4nt\u00f6 koskee kaikkia yksitt\u00e4isi\u00e4<\/p>\n","protected":false},"author":1,"featured_media":0,"parent":0,"menu_order":0,"comment_status":"closed","ping_status":"closed","template":"","meta":{"footnotes":""},"class_list":["post-3713","page","type-page","status-publish","hentry"],"yoast_head":"<!-- This site is optimized with the Yoast SEO plugin v27.6 - https:\/\/yoast.com\/product\/yoast-seo-wordpress\/ -->\n<title>Tietosuojaehdot - Delikatess Food O&Uuml;<\/title>\n<meta name=\"robots\" content=\"index, follow, max-snippet:-1, max-image-preview:large, max-video-preview:-1\" \/>\n<link rel=\"canonical\" href=\"https:\/\/delikatess.eu\/tietosuojaehdot\/?lang=fi\" \/>\n<meta property=\"og:locale\" content=\"fi_FI\" \/>\n<meta property=\"og:type\" content=\"article\" \/>\n<meta property=\"og:title\" content=\"Tietosuojaehdot - Delikatess Food O&Uuml;\" \/>\n<meta property=\"og:description\" content=\"Delikatess Food O\u00dc:n tietosuojak\u00e4yt\u00e4nt\u00f6 Tietosuojaselosteessa kerrotaan periaatteet, joiden perusteella Delikatess Food O\u00dc k\u00e4sittelee asiakkaidensa henkil\u00f6tietoja. Yhten\u00e4inen tietosuojak\u00e4yt\u00e4nt\u00f6 koskee kaikkia yksitt\u00e4isi\u00e4\" \/>\n<meta property=\"og:url\" content=\"https:\/\/delikatess.eu\/tietosuojaehdot\/?lang=fi\" \/>\n<meta property=\"og:site_name\" content=\"Delikatess Food O&Uuml;\" \/>\n<meta property=\"article:publisher\" content=\"https:\/\/www.facebook.com\/delikatessfood\/\" \/>\n<meta property=\"article:modified_time\" content=\"2022-07-11T08:40:16+00:00\" \/>\n<meta name=\"twitter:card\" content=\"summary_large_image\" \/>\n<meta name=\"twitter:label1\" content=\"Arvioitu lukuaika\" \/>\n\t<meta name=\"twitter:data1\" content=\"4 minuuttia\" \/>\n<script type=\"application\/ld+json\" class=\"yoast-schema-graph\">{\"@context\":\"https:\\\/\\\/schema.org\",\"@graph\":[{\"@type\":\"WebPage\",\"@id\":\"https:\\\/\\\/delikatess.eu\\\/tietosuojaehdot\\\/?lang=fi\",\"url\":\"https:\\\/\\\/delikatess.eu\\\/tietosuojaehdot\\\/?lang=fi\",\"name\":\"Tietosuojaehdot - Delikatess Food O&Uuml;\",\"isPartOf\":{\"@id\":\"https:\\\/\\\/delikatess.eu\\\/#website\"},\"datePublished\":\"2020-03-26T18:00:48+00:00\",\"dateModified\":\"2022-07-11T08:40:16+00:00\",\"breadcrumb\":{\"@id\":\"https:\\\/\\\/delikatess.eu\\\/tietosuojaehdot\\\/?lang=fi#breadcrumb\"},\"inLanguage\":\"fi\",\"potentialAction\":[{\"@type\":\"ReadAction\",\"target\":[\"https:\\\/\\\/delikatess.eu\\\/tietosuojaehdot\\\/?lang=fi\"]}]},{\"@type\":\"BreadcrumbList\",\"@id\":\"https:\\\/\\\/delikatess.eu\\\/tietosuojaehdot\\\/?lang=fi#breadcrumb\",\"itemListElement\":[{\"@type\":\"ListItem\",\"position\":1,\"name\":\"Home\",\"item\":\"https:\\\/\\\/delikatess.eu\\\/fi\\\/\"},{\"@type\":\"ListItem\",\"position\":2,\"name\":\"Tietosuojaehdot\"}]},{\"@type\":\"WebSite\",\"@id\":\"https:\\\/\\\/delikatess.eu\\\/#website\",\"url\":\"https:\\\/\\\/delikatess.eu\\\/\",\"name\":\"Delikatess Food O&Uuml;\",\"description\":\"Handmade With Love\",\"publisher\":{\"@id\":\"https:\\\/\\\/delikatess.eu\\\/#organization\"},\"potentialAction\":[{\"@type\":\"SearchAction\",\"target\":{\"@type\":\"EntryPoint\",\"urlTemplate\":\"https:\\\/\\\/delikatess.eu\\\/?s={search_term_string}\"},\"query-input\":{\"@type\":\"PropertyValueSpecification\",\"valueRequired\":true,\"valueName\":\"search_term_string\"}}],\"inLanguage\":\"fi\"},{\"@type\":\"Organization\",\"@id\":\"https:\\\/\\\/delikatess.eu\\\/#organization\",\"name\":\"Delikatess\",\"url\":\"https:\\\/\\\/delikatess.eu\\\/\",\"logo\":{\"@type\":\"ImageObject\",\"inLanguage\":\"fi\",\"@id\":\"https:\\\/\\\/delikatess.eu\\\/#\\\/schema\\\/logo\\\/image\\\/\",\"url\":\"https:\\\/\\\/delikatess.eu\\\/wp-content\\\/uploads\\\/2022\\\/07\\\/Delikatess_logo_labit-1.png\",\"contentUrl\":\"https:\\\/\\\/delikatess.eu\\\/wp-content\\\/uploads\\\/2022\\\/07\\\/Delikatess_logo_labit-1.png\",\"width\":801,\"height\":229,\"caption\":\"Delikatess\"},\"image\":{\"@id\":\"https:\\\/\\\/delikatess.eu\\\/#\\\/schema\\\/logo\\\/image\\\/\"},\"sameAs\":[\"https:\\\/\\\/www.facebook.com\\\/delikatessfood\\\/\",\"https:\\\/\\\/www.instagram.com\\\/delikatess.eu\\\/\"]}]}<\/script>\n<!-- \/ Yoast SEO plugin. -->","yoast_head_json":{"title":"Tietosuojaehdot - Delikatess Food O&Uuml;","robots":{"index":"index","follow":"follow","max-snippet":"max-snippet:-1","max-image-preview":"max-image-preview:large","max-video-preview":"max-video-preview:-1"},"canonical":"https:\/\/delikatess.eu\/tietosuojaehdot\/?lang=fi","og_locale":"fi_FI","og_type":"article","og_title":"Tietosuojaehdot - Delikatess Food O&Uuml;","og_description":"Delikatess Food O\u00dc:n tietosuojak\u00e4yt\u00e4nt\u00f6 Tietosuojaselosteessa kerrotaan periaatteet, joiden perusteella Delikatess Food O\u00dc k\u00e4sittelee asiakkaidensa henkil\u00f6tietoja. Yhten\u00e4inen tietosuojak\u00e4yt\u00e4nt\u00f6 koskee kaikkia yksitt\u00e4isi\u00e4","og_url":"https:\/\/delikatess.eu\/tietosuojaehdot\/?lang=fi","og_site_name":"Delikatess Food O&Uuml;","article_publisher":"https:\/\/www.facebook.com\/delikatessfood\/","article_modified_time":"2022-07-11T08:40:16+00:00","twitter_card":"summary_large_image","twitter_misc":{"Arvioitu lukuaika":"4 minuuttia"},"schema":{"@context":"https:\/\/schema.org","@graph":[{"@type":"WebPage","@id":"https:\/\/delikatess.eu\/tietosuojaehdot\/?lang=fi","url":"https:\/\/delikatess.eu\/tietosuojaehdot\/?lang=fi","name":"Tietosuojaehdot - Delikatess Food O&Uuml;","isPartOf":{"@id":"https:\/\/delikatess.eu\/#website"},"datePublished":"2020-03-26T18:00:48+00:00","dateModified":"2022-07-11T08:40:16+00:00","breadcrumb":{"@id":"https:\/\/delikatess.eu\/tietosuojaehdot\/?lang=fi#breadcrumb"},"inLanguage":"fi","potentialAction":[{"@type":"ReadAction","target":["https:\/\/delikatess.eu\/tietosuojaehdot\/?lang=fi"]}]},{"@type":"BreadcrumbList","@id":"https:\/\/delikatess.eu\/tietosuojaehdot\/?lang=fi#breadcrumb","itemListElement":[{"@type":"ListItem","position":1,"name":"Home","item":"https:\/\/delikatess.eu\/fi\/"},{"@type":"ListItem","position":2,"name":"Tietosuojaehdot"}]},{"@type":"WebSite","@id":"https:\/\/delikatess.eu\/#website","url":"https:\/\/delikatess.eu\/","name":"Delikatess Food O&Uuml;","description":"Handmade With Love","publisher":{"@id":"https:\/\/delikatess.eu\/#organization"},"potentialAction":[{"@type":"SearchAction","target":{"@type":"EntryPoint","urlTemplate":"https:\/\/delikatess.eu\/?s={search_term_string}"},"query-input":{"@type":"PropertyValueSpecification","valueRequired":true,"valueName":"search_term_string"}}],"inLanguage":"fi"},{"@type":"Organization","@id":"https:\/\/delikatess.eu\/#organization","name":"Delikatess","url":"https:\/\/delikatess.eu\/","logo":{"@type":"ImageObject","inLanguage":"fi","@id":"https:\/\/delikatess.eu\/#\/schema\/logo\/image\/","url":"https:\/\/delikatess.eu\/wp-content\/uploads\/2022\/07\/Delikatess_logo_labit-1.png","contentUrl":"https:\/\/delikatess.eu\/wp-content\/uploads\/2022\/07\/Delikatess_logo_labit-1.png","width":801,"height":229,"caption":"Delikatess"},"image":{"@id":"https:\/\/delikatess.eu\/#\/schema\/logo\/image\/"},"sameAs":["https:\/\/www.facebook.com\/delikatessfood\/","https:\/\/www.instagram.com\/delikatess.eu\/"]}]}},"jetpack_sharing_enabled":true,"_links":{"self":[{"href":"https:\/\/delikatess.eu\/fi\/wp-json\/wp\/v2\/pages\/3713","targetHints":{"allow":["GET"]}}],"collection":[{"href":"https:\/\/delikatess.eu\/fi\/wp-json\/wp\/v2\/pages"}],"about":[{"href":"https:\/\/delikatess.eu\/fi\/wp-json\/wp\/v2\/types\/page"}],"author":[{"embeddable":true,"href":"https:\/\/delikatess.eu\/fi\/wp-json\/wp\/v2\/users\/1"}],"replies":[{"embeddable":true,"href":"https:\/\/delikatess.eu\/fi\/wp-json\/wp\/v2\/comments?post=3713"}],"version-history":[{"count":2,"href":"https:\/\/delikatess.eu\/fi\/wp-json\/wp\/v2\/pages\/3713\/revisions"}],"predecessor-version":[{"id":3719,"href":"https:\/\/delikatess.eu\/fi\/wp-json\/wp\/v2\/pages\/3713\/revisions\/3719"}],"wp:attachment":[{"href":"https:\/\/delikatess.eu\/fi\/wp-json\/wp\/v2\/media?parent=3713"}],"curies":[{"name":"wp","href":"https:\/\/api.w.org\/{rel}","templated":true}]}}